{"id":1683,"date":"2023-02-01T11:26:14","date_gmt":"2023-02-01T11:26:14","guid":{"rendered":"https:\/\/i2gerontology.com\/cookie-policy\/"},"modified":"2023-11-06T09:48:15","modified_gmt":"2023-11-06T09:48:15","slug":"cookie-policy","status":"publish","type":"page","link":"https:\/\/i2gerontology.com\/en\/cookie-policy\/","title":{"rendered":"Cookie Policy"},"content":{"rendered":"\t\t<div data-elementor-type=\"wp-page\" data-elementor-id=\"1683\" class=\"elementor elementor-1683 elementor-1052\" data-elementor-post-type=\"page\">\n\t\t\t\t\t\t<section class=\"elementor-section elementor-top-section elementor-element elementor-element-f0edb43 elementor-section-boxed elementor-section-height-default elementor-section-height-default\" data-id=\"f0edb43\" data-element_type=\"section\">\n\t\t\t\t\t\t<div class=\"elementor-container elementor-column-gap-default\">\n\t\t\t\t\t<div class=\"elementor-column elementor-col-100 elementor-top-column elementor-element elementor-element-36a2354\" data-id=\"36a2354\" data-element_type=\"column\">\n\t\t\t<div class=\"elementor-widget-wrap elementor-element-populated\">\n\t\t\t\t\t\t<div class=\"elementor-element elementor-element-bc0aa8f elementor-widget elementor-widget-heading\" data-id=\"bc0aa8f\" data-element_type=\"widget\" data-widget_type=\"heading.default\">\n\t\t\t\t<div class=\"elementor-widget-container\">\n\t\t\t\t\t<h1 class=\"elementor-heading-title elementor-size-default\">Cookie Policy<\/h1>\t\t\t\t<\/div>\n\t\t\t\t<\/div>\n\t\t\t\t<div class=\"elementor-element elementor-element-ee9242c elementor-widget elementor-widget-text-editor\" data-id=\"ee9242c\" data-element_type=\"widget\" data-widget_type=\"text-editor.default\">\n\t\t\t\t<div class=\"elementor-widget-container\">\n\t\t\t\t\t\t\t\t\t<h1> <\/h1>\n<h3>WHAT ARE COOKIES?<\/h3>\n<\/p>\n<p>Cookies are small text files that can be sent to your computer or mobile device when you visit websites. Cookies help websites to store and retrieve information about your browsing habits in order to personalize browsing according to your preferences, and do not include your personal data.  <\/p>\n<\/p>\n<h3>WHY THE WEBSITE USES COOKIES<\/h3>\n<\/p>\n<p>During a visit to this website, files called &#8220;Cookies&#8221; may be placed on the user&#8217;s computer. These cookies make it possible to tailor the website to the user&#8217;s tastes and preferences and to present promotions and product offers that may be of interest to you as a user.  <\/p>\n<\/p>\n<h3>TYPE OF COOKIES<\/h3>\n<\/p>\n<h4>Preference Cookies<\/h4>\n<p>These cookies allow websites to store information that changes the behavior and appearance of the website, such as your preferred language or the region where you are located. For example, by memorizing your region, a website can provide you with local weather or traffic information. These cookies can also help you change the text size, font and other customizable parts of web pages. The loss of information stored in a preference cookie may make the Website experience less functional, but should not prevent it from working.  <\/p>\n<h4>Security Cookies<\/h4>\n<p>Security cookies are used to authenticate users and prevent fraudulent use of login credentials and protect data from unauthorized persons. For example, it allows you to block many types of attack, such as attempts to steal the content of forms you fill in on web pages.  <\/p>\n<h4>Process Cookies<\/h4>\n<p>Process cookies help the Website to function and provide services that the Website visitor expects, such as browsing web pages or accessing secure areas of the Website. Without these cookies, the Website cannot function properly.  <\/p>\n<h4>Advertising Cookies<\/h4>\n<p>These cookies are intended to make advertising more engaging for users and more valuable for publishers and advertisers. Some common applications of cookies aim to select advertising based on what is relevant to the user, to improve reports on campaign performance and to avoid showing ads that the user has already seen.  <\/p>\n<h4>Session Status Cookies<\/h4>\n<p>Websites often collect information about how users interact with a particular web page. This can include which pages users visit most often and whether users receive error messages from certain pages. So-called &#8220;session status cookies&#8221; help to improve companies&#8217; services in order to enhance our users&#8217; browsing experience. Blocking or deleting these cookies does not make the Website unusable.  <\/p>\n<h4>Analysis Cookies<\/h4>\n<p>These cookies help website and application owners to understand their visitors&#8217; engagement with their web pages. These may use a set of cookies to collect information and report website usage statistics without personally identifying individual visitors.<\/p>\n<\/p>\n<h3>WHAT IT MEANS NOT TO USE COOKIES<\/h3>\n<\/p>\n<p>  If you prefer not to allow cookies, you have the option of disabling cookies in the browser you use, but you should bear in mind that this may prevent some web pages from being displayed correctly.<\/p>\n<\/p>\n<h3>HOW TO CONFIGURE MY BROWSER<\/h3>\n<\/p>\n<h4>Google Chrome<\/h4>\n<p>Click on the Google Chrome menu icon. Select Settings. At the bottom of the page, click on Show advanced settings. In the &#8220;Privacy&#8221; section, click on Content settings. Enable or disable cookies: To enable cookies, select Allow local data setting (recommended). To disable cookies, select Block any data settings by websites.  <\/p>\n<h4>Internet Explorer<\/h4>\n<p>Open Internet Explorer by clicking on the Start button and then clicking on Internet Explorer. Click on the Tools button and then click on Internet Options. Click on the Privacy tab and, under Settings, move the slider to the top to block all cookies or to the bottom to allow all cookies and then click OK.  <\/p>\n<h4>Firefox<\/h4>\n<p>Select Tools &gt; Options and access the Privacy panel. In the Save To menu, select the option to close Firefox. If you want to allow the sites you trust to store cookies permanently (for example, to allow automatic authentication on a particular site), press Exceptions&#8230;, enter the site address and press Allow.  <\/p>\n<h4>Safari<\/h4>\n<p>Click on &#8220;Edit&#8221;; Select &#8220;Preferences&#8221;; In the top panel, select the &#8220;Security&#8221; icon. In the &#8220;Accept Cookies&#8221; section, select &#8220;Never&#8221;.  <\/p>\n<h4>Opera<\/h4>\n<p>Click on Settings Select Preferences &gt; Advanced &gt; Cookies &gt; Enable or disable cookies<\/p><\/p>\n\t\t\t\t\t\t\t\t<\/div>\n\t\t\t\t<\/div>\n\t\t\t\t\t<\/div>\n\t\t<\/div>\n\t\t\t\t\t<\/div>\n\t\t<\/section>\n\t\t\t\t<\/div>\n\t\t","protected":false},"excerpt":{"rendered":"<p>Cookie Policy WHAT ARE COOKIES? Cookies are small text files that can be sent to your computer or mobile device when you [&hellip;]<\/p>\n","protected":false},"author":2,"featured_media":0,"parent":0,"menu_order":0,"comment_status":"closed","ping_status":"closed","template":"elementor_header_footer","meta":{"_monsterinsights_skip_tracking":false,"_monsterinsights_sitenote_active":false,"_monsterinsights_sitenote_note":"","_monsterinsights_sitenote_category":0,"footnotes":""},"class_list":["post-1683","page","type-page","status-publish","hentry"],"aioseo_notices":[],"yoast_head":"<!-- This site is optimized with the Yoast SEO plugin v24.8 - https:\/\/yoast.com\/wordpress\/plugins\/seo\/ -->\n<title>Cookie Policy - Instituto Internacional de Gerontologia<\/title>\n<meta name=\"robots\" content=\"index, follow, max-snippet:-1, max-image-preview:large, max-video-preview:-1\" \/>\n<link rel=\"canonical\" href=\"https:\/\/i2gerontology.com\/en\/cookie-policy\/\" \/>\n<meta property=\"og:locale\" content=\"en_US\" \/>\n<meta property=\"og:type\" content=\"article\" \/>\n<meta property=\"og:title\" content=\"Cookie Policy - Instituto Internacional de Gerontologia\" \/>\n<meta property=\"og:description\" content=\"Cookie Policy WHAT ARE COOKIES? Cookies are small text files that can be sent to your computer or mobile device when you [&hellip;]\" \/>\n<meta property=\"og:url\" content=\"https:\/\/i2gerontology.com\/en\/cookie-policy\/\" \/>\n<meta property=\"og:site_name\" content=\"Instituto Internacional de Gerontologia\" \/>\n<meta property=\"article:modified_time\" content=\"2023-11-06T09:48:15+00:00\" \/>\n<meta property=\"og:image\" content=\"https:\/\/i2gerontology.com\/wp-content\/uploads\/2023\/09\/IG_yoast.jpg\" \/>\n\t<meta property=\"og:image:width\" content=\"1440\" \/>\n\t<meta property=\"og:image:height\" content=\"787\" \/>\n\t<meta property=\"og:image:type\" content=\"image\/jpeg\" \/>\n<meta name=\"twitter:card\" content=\"summary_large_image\" \/>\n<meta name=\"twitter:label1\" content=\"Est. reading time\" \/>\n\t<meta name=\"twitter:data1\" content=\"3 minutes\" \/>\n<script type=\"application\/ld+json\" class=\"yoast-schema-graph\">{\"@context\":\"https:\/\/schema.org\",\"@graph\":[{\"@type\":\"WebPage\",\"@id\":\"https:\/\/i2gerontology.com\/en\/cookie-policy\/\",\"url\":\"https:\/\/i2gerontology.com\/en\/cookie-policy\/\",\"name\":\"Cookie Policy - Instituto Internacional de Gerontologia\",\"isPartOf\":{\"@id\":\"https:\/\/i2gerontology.com\/en\/#website\"},\"datePublished\":\"2023-02-01T11:26:14+00:00\",\"dateModified\":\"2023-11-06T09:48:15+00:00\",\"breadcrumb\":{\"@id\":\"https:\/\/i2gerontology.com\/en\/cookie-policy\/#breadcrumb\"},\"inLanguage\":\"en-US\",\"potentialAction\":[{\"@type\":\"ReadAction\",\"target\":[\"https:\/\/i2gerontology.com\/en\/cookie-policy\/\"]}]},{\"@type\":\"BreadcrumbList\",\"@id\":\"https:\/\/i2gerontology.com\/en\/cookie-policy\/#breadcrumb\",\"itemListElement\":[{\"@type\":\"ListItem\",\"position\":1,\"name\":\"In\u00edcio\",\"item\":\"https:\/\/i2gerontology.com\/en\/\"},{\"@type\":\"ListItem\",\"position\":2,\"name\":\"Cookie Policy\"}]},{\"@type\":\"WebSite\",\"@id\":\"https:\/\/i2gerontology.com\/en\/#website\",\"url\":\"https:\/\/i2gerontology.com\/en\/\",\"name\":\"Instituto Internacional de Gerontologia\",\"description\":\"A articula\u00e7\u00e3o entre o ensino superior, a investiga\u00e7\u00e3o e  a presta\u00e7\u00e3o de servi\u00e7os na \u00e1rea da Gerontologia s\u00e3o atualmente um dos principais pilares de desenvolvimento e inova\u00e7\u00e3o\",\"publisher\":{\"@id\":\"https:\/\/i2gerontology.com\/en\/#organization\"},\"alternateName\":\"Instituto Internacional de Gerontologia\",\"potentialAction\":[{\"@type\":\"SearchAction\",\"target\":{\"@type\":\"EntryPoint\",\"urlTemplate\":\"https:\/\/i2gerontology.com\/en\/?s={search_term_string}\"},\"query-input\":{\"@type\":\"PropertyValueSpecification\",\"valueRequired\":true,\"valueName\":\"search_term_string\"}}],\"inLanguage\":\"en-US\"},{\"@type\":\"Organization\",\"@id\":\"https:\/\/i2gerontology.com\/en\/#organization\",\"name\":\"Instituto Internacional de Gerontologia\",\"url\":\"https:\/\/i2gerontology.com\/en\/\",\"logo\":{\"@type\":\"ImageObject\",\"inLanguage\":\"en-US\",\"@id\":\"https:\/\/i2gerontology.com\/en\/#\/schema\/logo\/image\/\",\"url\":\"https:\/\/i2gerontology.com\/wp-content\/uploads\/2023\/01\/gerontologia_branco.png\",\"contentUrl\":\"https:\/\/i2gerontology.com\/wp-content\/uploads\/2023\/01\/gerontologia_branco.png\",\"width\":885,\"height\":281,\"caption\":\"Instituto Internacional de Gerontologia\"},\"image\":{\"@id\":\"https:\/\/i2gerontology.com\/en\/#\/schema\/logo\/image\/\"}}]}<\/script>\n<!-- \/ Yoast SEO plugin. -->","yoast_head_json":{"title":"Cookie Policy - Instituto Internacional de Gerontologia","robots":{"index":"index","follow":"follow","max-snippet":"max-snippet:-1","max-image-preview":"max-image-preview:large","max-video-preview":"max-video-preview:-1"},"canonical":"https:\/\/i2gerontology.com\/en\/cookie-policy\/","og_locale":"en_US","og_type":"article","og_title":"Cookie Policy - Instituto Internacional de Gerontologia","og_description":"Cookie Policy WHAT ARE COOKIES? Cookies are small text files that can be sent to your computer or mobile device when you [&hellip;]","og_url":"https:\/\/i2gerontology.com\/en\/cookie-policy\/","og_site_name":"Instituto Internacional de Gerontologia","article_modified_time":"2023-11-06T09:48:15+00:00","og_image":[{"width":1440,"height":787,"url":"https:\/\/i2gerontology.com\/wp-content\/uploads\/2023\/09\/IG_yoast.jpg","type":"image\/jpeg"}],"twitter_card":"summary_large_image","twitter_misc":{"Est. reading time":"3 minutes"},"schema":{"@context":"https:\/\/schema.org","@graph":[{"@type":"WebPage","@id":"https:\/\/i2gerontology.com\/en\/cookie-policy\/","url":"https:\/\/i2gerontology.com\/en\/cookie-policy\/","name":"Cookie Policy - Instituto Internacional de Gerontologia","isPartOf":{"@id":"https:\/\/i2gerontology.com\/en\/#website"},"datePublished":"2023-02-01T11:26:14+00:00","dateModified":"2023-11-06T09:48:15+00:00","breadcrumb":{"@id":"https:\/\/i2gerontology.com\/en\/cookie-policy\/#breadcrumb"},"inLanguage":"en-US","potentialAction":[{"@type":"ReadAction","target":["https:\/\/i2gerontology.com\/en\/cookie-policy\/"]}]},{"@type":"BreadcrumbList","@id":"https:\/\/i2gerontology.com\/en\/cookie-policy\/#breadcrumb","itemListElement":[{"@type":"ListItem","position":1,"name":"In\u00edcio","item":"https:\/\/i2gerontology.com\/en\/"},{"@type":"ListItem","position":2,"name":"Cookie Policy"}]},{"@type":"WebSite","@id":"https:\/\/i2gerontology.com\/en\/#website","url":"https:\/\/i2gerontology.com\/en\/","name":"Instituto Internacional de Gerontologia","description":"A articula\u00e7\u00e3o entre o ensino superior, a investiga\u00e7\u00e3o e  a presta\u00e7\u00e3o de servi\u00e7os na \u00e1rea da Gerontologia s\u00e3o atualmente um dos principais pilares de desenvolvimento e inova\u00e7\u00e3o","publisher":{"@id":"https:\/\/i2gerontology.com\/en\/#organization"},"alternateName":"Instituto Internacional de Gerontologia","potentialAction":[{"@type":"SearchAction","target":{"@type":"EntryPoint","urlTemplate":"https:\/\/i2gerontology.com\/en\/?s={search_term_string}"},"query-input":{"@type":"PropertyValueSpecification","valueRequired":true,"valueName":"search_term_string"}}],"inLanguage":"en-US"},{"@type":"Organization","@id":"https:\/\/i2gerontology.com\/en\/#organization","name":"Instituto Internacional de Gerontologia","url":"https:\/\/i2gerontology.com\/en\/","logo":{"@type":"ImageObject","inLanguage":"en-US","@id":"https:\/\/i2gerontology.com\/en\/#\/schema\/logo\/image\/","url":"https:\/\/i2gerontology.com\/wp-content\/uploads\/2023\/01\/gerontologia_branco.png","contentUrl":"https:\/\/i2gerontology.com\/wp-content\/uploads\/2023\/01\/gerontologia_branco.png","width":885,"height":281,"caption":"Instituto Internacional de Gerontologia"},"image":{"@id":"https:\/\/i2gerontology.com\/en\/#\/schema\/logo\/image\/"}}]}},"_links":{"self":[{"href":"https:\/\/i2gerontology.com\/en\/wp-json\/wp\/v2\/pages\/1683","targetHints":{"allow":["GET"]}}],"collection":[{"href":"https:\/\/i2gerontology.com\/en\/wp-json\/wp\/v2\/pages"}],"about":[{"href":"https:\/\/i2gerontology.com\/en\/wp-json\/wp\/v2\/types\/page"}],"author":[{"embeddable":true,"href":"https:\/\/i2gerontology.com\/en\/wp-json\/wp\/v2\/users\/2"}],"replies":[{"embeddable":true,"href":"https:\/\/i2gerontology.com\/en\/wp-json\/wp\/v2\/comments?post=1683"}],"version-history":[{"count":2,"href":"https:\/\/i2gerontology.com\/en\/wp-json\/wp\/v2\/pages\/1683\/revisions"}],"predecessor-version":[{"id":1695,"href":"https:\/\/i2gerontology.com\/en\/wp-json\/wp\/v2\/pages\/1683\/revisions\/1695"}],"wp:attachment":[{"href":"https:\/\/i2gerontology.com\/en\/wp-json\/wp\/v2\/media?parent=1683"}],"curies":[{"name":"wp","href":"https:\/\/api.w.org\/{rel}","templated":true}]}}