{"id":1684,"date":"2023-01-17T16:08:19","date_gmt":"2023-01-17T16:08:19","guid":{"rendered":"https:\/\/i2gerontology.com\/team\/"},"modified":"2023-11-06T09:50:55","modified_gmt":"2023-11-06T09:50:55","slug":"team","status":"publish","type":"page","link":"https:\/\/i2gerontology.com\/en\/team\/","title":{"rendered":"Team"},"content":{"rendered":"\t\t<div data-elementor-type=\"wp-page\" data-elementor-id=\"1684\" class=\"elementor elementor-1684 elementor-12\" data-elementor-post-type=\"page\">\n\t\t\t\t\t\t<section class=\"elementor-section elementor-top-section elementor-element elementor-element-a5fe44f elementor-section-full_width elementor-section-height-min-height elementor-section-content-middle elementor-section-stretched elementor-section-height-default elementor-section-items-middle\" data-id=\"a5fe44f\" data-element_type=\"section\" data-settings=\"{&quot;stretch_section&quot;:&quot;section-stretched&quot;,&quot;background_background&quot;:&quot;slideshow&quot;,&quot;background_slideshow_gallery&quot;:[{&quot;id&quot;:1074,&quot;url&quot;:&quot;https:\\\/\\\/i2gerontology.com\\\/wp-content\\\/uploads\\\/2023\\\/02\\\/equipa.jpg&quot;}],&quot;background_slideshow_slide_duration&quot;:20000,&quot;background_slideshow_transition_duration&quot;:400,&quot;background_slideshow_ken_burns&quot;:&quot;yes&quot;,&quot;background_slideshow_loop&quot;:&quot;yes&quot;,&quot;background_slideshow_slide_transition&quot;:&quot;fade&quot;,&quot;background_slideshow_ken_burns_zoom_direction&quot;:&quot;in&quot;}\">\n\t\t\t\t\t\t\t<div class=\"elementor-background-overlay\"><\/div>\n\t\t\t\t\t\t\t<div class=\"elementor-container elementor-column-gap-no\">\n\t\t\t\t\t<div class=\"elementor-column elementor-col-100 elementor-top-column elementor-element elementor-element-8332073\" data-id=\"8332073\" data-element_type=\"column\">\n\t\t\t<div class=\"elementor-widget-wrap elementor-element-populated\">\n\t\t\t\t\t\t<div class=\"elementor-element elementor-element-ee716d9 elementor-hidden-tablet elementor-hidden-mobile elementor-widget elementor-widget-heading\" data-id=\"ee716d9\" data-element_type=\"widget\" data-widget_type=\"heading.default\">\n\t\t\t\t<div class=\"elementor-widget-container\">\n\t\t\t\t\t<h1 class=\"elementor-heading-title elementor-size-default\">Team<\/h1>\t\t\t\t<\/div>\n\t\t\t\t<\/div>\n\t\t\t\t<div class=\"elementor-element elementor-element-1edaaee elementor-hidden-desktop elementor-widget elementor-widget-heading\" data-id=\"1edaaee\" data-element_type=\"widget\" data-widget_type=\"heading.default\">\n\t\t\t\t<div class=\"elementor-widget-container\">\n\t\t\t\t\t<h1 class=\"elementor-heading-title elementor-size-default\">Team<\/h1>\t\t\t\t<\/div>\n\t\t\t\t<\/div>\n\t\t\t\t\t<\/div>\n\t\t<\/div>\n\t\t\t\t\t<\/div>\n\t\t<\/section>\n\t\t\t\t<section class=\"elementor-section elementor-top-section elementor-element elementor-element-50b66fe elementor-section-boxed elementor-section-height-default elementor-section-height-default\" data-id=\"50b66fe\" data-element_type=\"section\">\n\t\t\t\t\t\t<div class=\"elementor-container elementor-column-gap-default\">\n\t\t\t\t\t<div class=\"elementor-column elementor-col-50 elementor-top-column elementor-element elementor-element-7bda312\" data-id=\"7bda312\" data-element_type=\"column\">\n\t\t\t<div class=\"elementor-widget-wrap elementor-element-populated\">\n\t\t\t\t\t\t<div class=\"elementor-element elementor-element-18ff7f5 elementor-widget elementor-widget-image\" data-id=\"18ff7f5\" data-element_type=\"widget\" data-widget_type=\"image.default\">\n\t\t\t\t<div class=\"elementor-widget-container\">\n\t\t\t\t\t\t\t\t\t\t\t\t\t\t\t<img decoding=\"async\" src=\"https:\/\/i2gerontology.com\/wp-content\/plugins\/elementor\/assets\/images\/placeholder.png\" title=\"\" alt=\"\" loading=\"lazy\" \/>\t\t\t\t\t\t\t\t\t\t\t\t\t\t\t<\/div>\n\t\t\t\t<\/div>\n\t\t\t\t\t<\/div>\n\t\t<\/div>\n\t\t\t\t<div class=\"elementor-column elementor-col-50 elementor-top-column elementor-element elementor-element-33a6cd7\" data-id=\"33a6cd7\" data-element_type=\"column\">\n\t\t\t<div class=\"elementor-widget-wrap elementor-element-populated\">\n\t\t\t\t\t\t<div class=\"elementor-element elementor-element-fdc36ce elementor-widget elementor-widget-heading\" data-id=\"fdc36ce\" data-element_type=\"widget\" data-widget_type=\"heading.default\">\n\t\t\t\t<div class=\"elementor-widget-container\">\n\t\t\t\t\t<h4 class=\"elementor-heading-title elementor-size-default\">Mafalda Duarte<\/h4>\t\t\t\t<\/div>\n\t\t\t\t<\/div>\n\t\t\t\t<div class=\"elementor-element elementor-element-4af7c72 elementor-widget elementor-widget-heading\" data-id=\"4af7c72\" data-element_type=\"widget\" data-widget_type=\"heading.default\">\n\t\t\t\t<div class=\"elementor-widget-container\">\n\t\t\t\t\t<h6 class=\"elementor-heading-title elementor-size-default\">PRESIDENT<\/h6>\t\t\t\t<\/div>\n\t\t\t\t<\/div>\n\t\t\t\t<div class=\"elementor-element elementor-element-4ace830 elementor-widget elementor-widget-text-editor\" data-id=\"4ace830\" data-element_type=\"widget\" data-widget_type=\"text-editor.default\">\n\t\t\t\t<div class=\"elementor-widget-container\">\n\t\t\t\t\t\t\t\t\t<p>Master in Gerontology from the European Master in Gerontology (EUMAG) at the Vrije Universiteit Amsterdam.<\/p>\n<p>She holds a Master&#8217;s degree in Social Gerontology and a PhD in Gerontology and Geriatrics from the Abel Salazar Biomedical Sciences Institute (ICBAS-UP).<\/p>\n\t\t\t\t\t\t\t\t<\/div>\n\t\t\t\t<\/div>\n\t\t\t\t\t<\/div>\n\t\t<\/div>\n\t\t\t\t\t<\/div>\n\t\t<\/section>\n\t\t\t\t<section class=\"elementor-section elementor-top-section elementor-element elementor-element-1039dae elementor-section-boxed elementor-section-height-default elementor-section-height-default\" data-id=\"1039dae\" data-element_type=\"section\">\n\t\t\t\t\t\t<div class=\"elementor-container elementor-column-gap-default\">\n\t\t\t\t\t<div class=\"elementor-column elementor-col-50 elementor-top-column elementor-element elementor-element-98e2507\" data-id=\"98e2507\" data-element_type=\"column\">\n\t\t\t<div class=\"elementor-widget-wrap elementor-element-populated\">\n\t\t\t\t\t\t<div class=\"elementor-element elementor-element-324cd30 elementor-widget elementor-widget-heading\" data-id=\"324cd30\" data-element_type=\"widget\" data-widget_type=\"heading.default\">\n\t\t\t\t<div class=\"elementor-widget-container\">\n\t\t\t\t\t<h4 class=\"elementor-heading-title elementor-size-default\">Maria Jo\u00e3o Azevedo<\/h4>\t\t\t\t<\/div>\n\t\t\t\t<\/div>\n\t\t\t\t<div class=\"elementor-element elementor-element-103ceaa elementor-widget elementor-widget-heading\" data-id=\"103ceaa\" data-element_type=\"widget\" data-widget_type=\"heading.default\">\n\t\t\t\t<div class=\"elementor-widget-container\">\n\t\t\t\t\t<h6 class=\"elementor-heading-title elementor-size-default\">VICE-PRESIDENT<\/h6>\t\t\t\t<\/div>\n\t\t\t\t<\/div>\n\t\t\t\t<div class=\"elementor-element elementor-element-37607e0 elementor-widget elementor-widget-text-editor\" data-id=\"37607e0\" data-element_type=\"widget\" data-widget_type=\"text-editor.default\">\n\t\t\t\t<div class=\"elementor-widget-container\">\n\t\t\t\t\t\t\t\t\t<p>She has a degree in Psychology and a PhD in Gerontology and Geriatrics from the University of Porto and the University of Aveiro, on the subject of &#8220;Time Perspective and Health in Old Age&#8221;. She is a specialist in Clinical and Health Psychology and a specialist in Psychogerontology by the Portuguese Psychologists&#8217; Association.<\/p>\n\t\t\t\t\t\t\t\t<\/div>\n\t\t\t\t<\/div>\n\t\t\t\t\t<\/div>\n\t\t<\/div>\n\t\t\t\t<div class=\"elementor-column elementor-col-50 elementor-top-column elementor-element elementor-element-52583d4\" data-id=\"52583d4\" data-element_type=\"column\">\n\t\t\t<div class=\"elementor-widget-wrap elementor-element-populated\">\n\t\t\t\t\t\t<div class=\"elementor-element elementor-element-3d18efc elementor-widget elementor-widget-image\" data-id=\"3d18efc\" data-element_type=\"widget\" data-widget_type=\"image.default\">\n\t\t\t\t<div class=\"elementor-widget-container\">\n\t\t\t\t\t\t\t\t\t\t\t\t\t\t\t<img decoding=\"async\" src=\"https:\/\/i2gerontology.com\/wp-content\/plugins\/elementor\/assets\/images\/placeholder.png\" title=\"\" alt=\"\" loading=\"lazy\" \/>\t\t\t\t\t\t\t\t\t\t\t\t\t\t\t<\/div>\n\t\t\t\t<\/div>\n\t\t\t\t\t<\/div>\n\t\t<\/div>\n\t\t\t\t\t<\/div>\n\t\t<\/section>\n\t\t\t\t<section class=\"elementor-section elementor-top-section elementor-element elementor-element-ed48e33 elementor-section-full_width elementor-section-stretched elementor-section-height-default elementor-section-height-default\" data-id=\"ed48e33\" data-element_type=\"section\" data-settings=\"{&quot;stretch_section&quot;:&quot;section-stretched&quot;}\">\n\t\t\t\t\t\t<div class=\"elementor-container elementor-column-gap-no\">\n\t\t\t\t\t<div class=\"elementor-column elementor-col-50 elementor-top-column elementor-element elementor-element-13bfaad\" data-id=\"13bfaad\" data-element_type=\"column\">\n\t\t\t<div class=\"elementor-widget-wrap elementor-element-populated\">\n\t\t\t\t\t\t<div class=\"elementor-element elementor-element-f9a3c2e elementor-flip-box--effect-fade elementor-widget elementor-widget-flip-box\" data-id=\"f9a3c2e\" data-element_type=\"widget\" data-widget_type=\"flip-box.default\">\n\t\t\t\t<div class=\"elementor-widget-container\">\n\t\t\t\t\t\t\t<div class=\"elementor-flip-box\" tabindex=\"0\">\n\t\t\t<div class=\"elementor-flip-box__layer elementor-flip-box__front\">\n\t\t\t\t<div class=\"elementor-flip-box__layer__overlay\">\n\t\t\t\t\t<div class=\"elementor-flip-box__layer__inner\">\n\t\t\t\t\t\t\n\t\t\t\t\t\t\t\t\t\t\t\t\t<h3 class=\"elementor-flip-box__layer__title\">\n\t\t\t\t\t\t\t\tScientific Committee\t\t\t\t\t\t\t<\/h3>\n\t\t\t\t\t\t\n\t\t\t\t\t\t\t\t\t\t\t<\/div>\n\t\t\t\t<\/div>\n\t\t\t<\/div>\n\t\t\t<a class=\"elementor-flip-box__layer elementor-flip-box__back\" href=\"https:\/\/i2gerontology.com\/en\/?page_id=1630\">\n\t\t\t<div class=\"elementor-flip-box__layer__overlay\">\n\t\t\t\t<div class=\"elementor-flip-box__layer__inner\">\n\t\t\t\t\t\n\t\t\t\t\t\n\t\t\t\t\t\t\t\t\t\t\t<span class=\"elementor-flip-box__button elementor-button elementor-size-xl\">\n\t\t\t\t\t\t\t    \t\t\t\t\t\t<\/span>\n\t\t\t\t\t\t\t\t<\/div>\n\t\t<\/div>\n\t\t<\/a>\n\t\t<\/div>\n\t\t\t\t\t\t<\/div>\n\t\t\t\t<\/div>\n\t\t\t\t\t<\/div>\n\t\t<\/div>\n\t\t\t\t<div class=\"elementor-column elementor-col-50 elementor-top-column elementor-element elementor-element-48dc974\" data-id=\"48dc974\" data-element_type=\"column\">\n\t\t\t<div class=\"elementor-widget-wrap elementor-element-populated\">\n\t\t\t\t\t\t<div class=\"elementor-element elementor-element-8759e66 elementor-flip-box--effect-fade elementor-widget elementor-widget-flip-box\" data-id=\"8759e66\" data-element_type=\"widget\" data-widget_type=\"flip-box.default\">\n\t\t\t\t<div class=\"elementor-widget-container\">\n\t\t\t\t\t\t\t<div class=\"elementor-flip-box\" tabindex=\"0\">\n\t\t\t<div class=\"elementor-flip-box__layer elementor-flip-box__front\">\n\t\t\t\t<div class=\"elementor-flip-box__layer__overlay\">\n\t\t\t\t\t<div class=\"elementor-flip-box__layer__inner\">\n\t\t\t\t\t\t\n\t\t\t\t\t\t\t\t\t\t\t\t\t<h3 class=\"elementor-flip-box__layer__title\">\n\t\t\t\t\t\t\t\tAdvisory committee\t\t\t\t\t\t\t<\/h3>\n\t\t\t\t\t\t\n\t\t\t\t\t\t\t\t\t\t\t<\/div>\n\t\t\t\t<\/div>\n\t\t\t<\/div>\n\t\t\t<a class=\"elementor-flip-box__layer elementor-flip-box__back\" href=\"https:\/\/i2gerontology.com\/en\/?page_id=1703\">\n\t\t\t<div class=\"elementor-flip-box__layer__overlay\">\n\t\t\t\t<div class=\"elementor-flip-box__layer__inner\">\n\t\t\t\t\t\n\t\t\t\t\t\n\t\t\t\t\t\t\t\t\t\t\t<span class=\"elementor-flip-box__button elementor-button elementor-size-xl\">\n\t\t\t\t\t\t\t    \t\t\t\t\t\t<\/span>\n\t\t\t\t\t\t\t\t<\/div>\n\t\t<\/div>\n\t\t<\/a>\n\t\t<\/div>\n\t\t\t\t\t\t<\/div>\n\t\t\t\t<\/div>\n\t\t\t\t\t<\/div>\n\t\t<\/div>\n\t\t\t\t\t<\/div>\n\t\t<\/section>\n\t\t\t\t<\/div>\n\t\t","protected":false},"excerpt":{"rendered":"<p>Team Team Mafalda Duarte PRESIDENT Master in Gerontology from the European Master in Gerontology (EUMAG) at the Vrije Universiteit Amsterdam. She holds [&hellip;]<\/p>\n","protected":false},"author":2,"featured_media":0,"parent":0,"menu_order":0,"comment_status":"closed","ping_status":"closed","template":"elementor_header_footer","meta":{"_monsterinsights_skip_tracking":false,"_monsterinsights_sitenote_active":false,"_monsterinsights_sitenote_note":"","_monsterinsights_sitenote_category":0,"footnotes":""},"class_list":["post-1684","page","type-page","status-publish","hentry"],"aioseo_notices":[],"yoast_head":"<!-- This site is optimized with the Yoast SEO plugin v24.8 - https:\/\/yoast.com\/wordpress\/plugins\/seo\/ -->\n<title>Team - Instituto Internacional de Gerontologia<\/title>\n<meta name=\"robots\" content=\"index, follow, max-snippet:-1, max-image-preview:large, max-video-preview:-1\" \/>\n<link rel=\"canonical\" href=\"https:\/\/i2gerontology.com\/en\/team\/\" \/>\n<meta property=\"og:locale\" content=\"en_US\" \/>\n<meta property=\"og:type\" content=\"article\" \/>\n<meta property=\"og:title\" content=\"Team - Instituto Internacional de Gerontologia\" \/>\n<meta property=\"og:description\" content=\"Team Team Mafalda Duarte PRESIDENT Master in Gerontology from the European Master in Gerontology (EUMAG) at the Vrije Universiteit Amsterdam. She holds [&hellip;]\" \/>\n<meta property=\"og:url\" content=\"https:\/\/i2gerontology.com\/en\/team\/\" \/>\n<meta property=\"og:site_name\" content=\"Instituto Internacional de Gerontologia\" \/>\n<meta property=\"article:modified_time\" content=\"2023-11-06T09:50:55+00:00\" \/>\n<meta property=\"og:image\" content=\"https:\/\/i2gerontology.com\/wp-content\/plugins\/elementor\/assets\/images\/placeholder.png\" \/>\n<meta name=\"twitter:card\" content=\"summary_large_image\" \/>\n<meta name=\"twitter:label1\" content=\"Est. reading time\" \/>\n\t<meta name=\"twitter:data1\" content=\"1 minute\" \/>\n<script type=\"application\/ld+json\" class=\"yoast-schema-graph\">{\"@context\":\"https:\/\/schema.org\",\"@graph\":[{\"@type\":\"WebPage\",\"@id\":\"https:\/\/i2gerontology.com\/en\/team\/\",\"url\":\"https:\/\/i2gerontology.com\/en\/team\/\",\"name\":\"Team - Instituto Internacional de Gerontologia\",\"isPartOf\":{\"@id\":\"https:\/\/i2gerontology.com\/en\/#website\"},\"primaryImageOfPage\":{\"@id\":\"https:\/\/i2gerontology.com\/en\/team\/#primaryimage\"},\"image\":{\"@id\":\"https:\/\/i2gerontology.com\/en\/team\/#primaryimage\"},\"thumbnailUrl\":\"https:\/\/i2gerontology.com\/wp-content\/plugins\/elementor\/assets\/images\/placeholder.png\",\"datePublished\":\"2023-01-17T16:08:19+00:00\",\"dateModified\":\"2023-11-06T09:50:55+00:00\",\"breadcrumb\":{\"@id\":\"https:\/\/i2gerontology.com\/en\/team\/#breadcrumb\"},\"inLanguage\":\"en-US\",\"potentialAction\":[{\"@type\":\"ReadAction\",\"target\":[\"https:\/\/i2gerontology.com\/en\/team\/\"]}]},{\"@type\":\"ImageObject\",\"inLanguage\":\"en-US\",\"@id\":\"https:\/\/i2gerontology.com\/en\/team\/#primaryimage\",\"url\":\"https:\/\/i2gerontology.com\/wp-content\/plugins\/elementor\/assets\/images\/placeholder.png\",\"contentUrl\":\"https:\/\/i2gerontology.com\/wp-content\/plugins\/elementor\/assets\/images\/placeholder.png\"},{\"@type\":\"BreadcrumbList\",\"@id\":\"https:\/\/i2gerontology.com\/en\/team\/#breadcrumb\",\"itemListElement\":[{\"@type\":\"ListItem\",\"position\":1,\"name\":\"In\u00edcio\",\"item\":\"https:\/\/i2gerontology.com\/en\/\"},{\"@type\":\"ListItem\",\"position\":2,\"name\":\"Team\"}]},{\"@type\":\"WebSite\",\"@id\":\"https:\/\/i2gerontology.com\/en\/#website\",\"url\":\"https:\/\/i2gerontology.com\/en\/\",\"name\":\"Instituto Internacional de Gerontologia\",\"description\":\"A articula\u00e7\u00e3o entre o ensino superior, a investiga\u00e7\u00e3o e  a presta\u00e7\u00e3o de servi\u00e7os na \u00e1rea da Gerontologia s\u00e3o atualmente um dos principais pilares de desenvolvimento e inova\u00e7\u00e3o\",\"publisher\":{\"@id\":\"https:\/\/i2gerontology.com\/en\/#organization\"},\"alternateName\":\"Instituto Internacional de Gerontologia\",\"potentialAction\":[{\"@type\":\"SearchAction\",\"target\":{\"@type\":\"EntryPoint\",\"urlTemplate\":\"https:\/\/i2gerontology.com\/en\/?s={search_term_string}\"},\"query-input\":{\"@type\":\"PropertyValueSpecification\",\"valueRequired\":true,\"valueName\":\"search_term_string\"}}],\"inLanguage\":\"en-US\"},{\"@type\":\"Organization\",\"@id\":\"https:\/\/i2gerontology.com\/en\/#organization\",\"name\":\"Instituto Internacional de Gerontologia\",\"url\":\"https:\/\/i2gerontology.com\/en\/\",\"logo\":{\"@type\":\"ImageObject\",\"inLanguage\":\"en-US\",\"@id\":\"https:\/\/i2gerontology.com\/en\/#\/schema\/logo\/image\/\",\"url\":\"https:\/\/i2gerontology.com\/wp-content\/uploads\/2023\/01\/gerontologia_branco.png\",\"contentUrl\":\"https:\/\/i2gerontology.com\/wp-content\/uploads\/2023\/01\/gerontologia_branco.png\",\"width\":885,\"height\":281,\"caption\":\"Instituto Internacional de Gerontologia\"},\"image\":{\"@id\":\"https:\/\/i2gerontology.com\/en\/#\/schema\/logo\/image\/\"}}]}<\/script>\n<!-- \/ Yoast SEO plugin. -->","yoast_head_json":{"title":"Team - Instituto Internacional de Gerontologia","robots":{"index":"index","follow":"follow","max-snippet":"max-snippet:-1","max-image-preview":"max-image-preview:large","max-video-preview":"max-video-preview:-1"},"canonical":"https:\/\/i2gerontology.com\/en\/team\/","og_locale":"en_US","og_type":"article","og_title":"Team - Instituto Internacional de Gerontologia","og_description":"Team Team Mafalda Duarte PRESIDENT Master in Gerontology from the European Master in Gerontology (EUMAG) at the Vrije Universiteit Amsterdam. She holds [&hellip;]","og_url":"https:\/\/i2gerontology.com\/en\/team\/","og_site_name":"Instituto Internacional de Gerontologia","article_modified_time":"2023-11-06T09:50:55+00:00","og_image":[{"url":"https:\/\/i2gerontology.com\/wp-content\/plugins\/elementor\/assets\/images\/placeholder.png","type":"","width":"","height":""}],"twitter_card":"summary_large_image","twitter_misc":{"Est. reading time":"1 minute"},"schema":{"@context":"https:\/\/schema.org","@graph":[{"@type":"WebPage","@id":"https:\/\/i2gerontology.com\/en\/team\/","url":"https:\/\/i2gerontology.com\/en\/team\/","name":"Team - Instituto Internacional de Gerontologia","isPartOf":{"@id":"https:\/\/i2gerontology.com\/en\/#website"},"primaryImageOfPage":{"@id":"https:\/\/i2gerontology.com\/en\/team\/#primaryimage"},"image":{"@id":"https:\/\/i2gerontology.com\/en\/team\/#primaryimage"},"thumbnailUrl":"https:\/\/i2gerontology.com\/wp-content\/plugins\/elementor\/assets\/images\/placeholder.png","datePublished":"2023-01-17T16:08:19+00:00","dateModified":"2023-11-06T09:50:55+00:00","breadcrumb":{"@id":"https:\/\/i2gerontology.com\/en\/team\/#breadcrumb"},"inLanguage":"en-US","potentialAction":[{"@type":"ReadAction","target":["https:\/\/i2gerontology.com\/en\/team\/"]}]},{"@type":"ImageObject","inLanguage":"en-US","@id":"https:\/\/i2gerontology.com\/en\/team\/#primaryimage","url":"https:\/\/i2gerontology.com\/wp-content\/plugins\/elementor\/assets\/images\/placeholder.png","contentUrl":"https:\/\/i2gerontology.com\/wp-content\/plugins\/elementor\/assets\/images\/placeholder.png"},{"@type":"BreadcrumbList","@id":"https:\/\/i2gerontology.com\/en\/team\/#breadcrumb","itemListElement":[{"@type":"ListItem","position":1,"name":"In\u00edcio","item":"https:\/\/i2gerontology.com\/en\/"},{"@type":"ListItem","position":2,"name":"Team"}]},{"@type":"WebSite","@id":"https:\/\/i2gerontology.com\/en\/#website","url":"https:\/\/i2gerontology.com\/en\/","name":"Instituto Internacional de Gerontologia","description":"A articula\u00e7\u00e3o entre o ensino superior, a investiga\u00e7\u00e3o e  a presta\u00e7\u00e3o de servi\u00e7os na \u00e1rea da Gerontologia s\u00e3o atualmente um dos principais pilares de desenvolvimento e inova\u00e7\u00e3o","publisher":{"@id":"https:\/\/i2gerontology.com\/en\/#organization"},"alternateName":"Instituto Internacional de Gerontologia","potentialAction":[{"@type":"SearchAction","target":{"@type":"EntryPoint","urlTemplate":"https:\/\/i2gerontology.com\/en\/?s={search_term_string}"},"query-input":{"@type":"PropertyValueSpecification","valueRequired":true,"valueName":"search_term_string"}}],"inLanguage":"en-US"},{"@type":"Organization","@id":"https:\/\/i2gerontology.com\/en\/#organization","name":"Instituto Internacional de Gerontologia","url":"https:\/\/i2gerontology.com\/en\/","logo":{"@type":"ImageObject","inLanguage":"en-US","@id":"https:\/\/i2gerontology.com\/en\/#\/schema\/logo\/image\/","url":"https:\/\/i2gerontology.com\/wp-content\/uploads\/2023\/01\/gerontologia_branco.png","contentUrl":"https:\/\/i2gerontology.com\/wp-content\/uploads\/2023\/01\/gerontologia_branco.png","width":885,"height":281,"caption":"Instituto Internacional de Gerontologia"},"image":{"@id":"https:\/\/i2gerontology.com\/en\/#\/schema\/logo\/image\/"}}]}},"_links":{"self":[{"href":"https:\/\/i2gerontology.com\/en\/wp-json\/wp\/v2\/pages\/1684","targetHints":{"allow":["GET"]}}],"collection":[{"href":"https:\/\/i2gerontology.com\/en\/wp-json\/wp\/v2\/pages"}],"about":[{"href":"https:\/\/i2gerontology.com\/en\/wp-json\/wp\/v2\/types\/page"}],"author":[{"embeddable":true,"href":"https:\/\/i2gerontology.com\/en\/wp-json\/wp\/v2\/users\/2"}],"replies":[{"embeddable":true,"href":"https:\/\/i2gerontology.com\/en\/wp-json\/wp\/v2\/comments?post=1684"}],"version-history":[{"count":4,"href":"https:\/\/i2gerontology.com\/en\/wp-json\/wp\/v2\/pages\/1684\/revisions"}],"predecessor-version":[{"id":1730,"href":"https:\/\/i2gerontology.com\/en\/wp-json\/wp\/v2\/pages\/1684\/revisions\/1730"}],"wp:attachment":[{"href":"https:\/\/i2gerontology.com\/en\/wp-json\/wp\/v2\/media?parent=1684"}],"curies":[{"name":"wp","href":"https:\/\/api.w.org\/{rel}","templated":true}]}}