{"id":1697,"date":"2023-01-17T16:13:19","date_gmt":"2023-01-17T16:13:19","guid":{"rendered":"https:\/\/i2gerontology.com\/strategic-axes\/"},"modified":"2023-11-03T17:08:48","modified_gmt":"2023-11-03T17:08:48","slug":"strategic-axes","status":"publish","type":"page","link":"https:\/\/i2gerontology.com\/en\/strategic-axes\/","title":{"rendered":"Strategic Axes"},"content":{"rendered":"\t\t<div data-elementor-type=\"wp-page\" data-elementor-id=\"1697\" class=\"elementor elementor-1697 elementor-28\" data-elementor-post-type=\"page\">\n\t\t\t\t\t\t<section class=\"elementor-section elementor-top-section elementor-element elementor-element-a0573fa elementor-section-full_width elementor-section-height-min-height elementor-section-content-middle elementor-section-stretched elementor-section-height-default elementor-section-items-middle\" data-id=\"a0573fa\" data-element_type=\"section\" data-settings=\"{&quot;stretch_section&quot;:&quot;section-stretched&quot;,&quot;background_background&quot;:&quot;slideshow&quot;,&quot;background_slideshow_gallery&quot;:[{&quot;id&quot;:940,&quot;url&quot;:&quot;https:\\\/\\\/i2gerontology.com\\\/wp-content\\\/uploads\\\/2023\\\/01\\\/eixosestrat.jpg&quot;}],&quot;background_slideshow_slide_duration&quot;:20000,&quot;background_slideshow_transition_duration&quot;:400,&quot;background_slideshow_ken_burns&quot;:&quot;yes&quot;,&quot;background_slideshow_loop&quot;:&quot;yes&quot;,&quot;background_slideshow_slide_transition&quot;:&quot;fade&quot;,&quot;background_slideshow_ken_burns_zoom_direction&quot;:&quot;in&quot;}\">\n\t\t\t\t\t\t\t<div class=\"elementor-background-overlay\"><\/div>\n\t\t\t\t\t\t\t<div class=\"elementor-container elementor-column-gap-no\">\n\t\t\t\t\t<div class=\"elementor-column elementor-col-100 elementor-top-column elementor-element elementor-element-0803e61\" data-id=\"0803e61\" data-element_type=\"column\">\n\t\t\t<div class=\"elementor-widget-wrap elementor-element-populated\">\n\t\t\t\t\t\t<div class=\"elementor-element elementor-element-466235d elementor-hidden-tablet elementor-hidden-mobile elementor-widget elementor-widget-heading\" data-id=\"466235d\" data-element_type=\"widget\" data-widget_type=\"heading.default\">\n\t\t\t\t<div class=\"elementor-widget-container\">\n\t\t\t\t\t<h1 class=\"elementor-heading-title elementor-size-default\">Strategic axes<\/h1>\t\t\t\t<\/div>\n\t\t\t\t<\/div>\n\t\t\t\t<div class=\"elementor-element elementor-element-e4aca15 elementor-hidden-desktop elementor-widget elementor-widget-heading\" data-id=\"e4aca15\" data-element_type=\"widget\" data-widget_type=\"heading.default\">\n\t\t\t\t<div class=\"elementor-widget-container\">\n\t\t\t\t\t<h1 class=\"elementor-heading-title elementor-size-default\">Strategic axes<\/h1>\t\t\t\t<\/div>\n\t\t\t\t<\/div>\n\t\t\t\t\t<\/div>\n\t\t<\/div>\n\t\t\t\t\t<\/div>\n\t\t<\/section>\n\t\t\t\t<section class=\"elementor-section elementor-top-section elementor-element elementor-element-6af3eb5 elementor-section-full_width elementor-section-height-default elementor-section-height-default\" data-id=\"6af3eb5\" data-element_type=\"section\">\n\t\t\t\t\t\t<div class=\"elementor-container elementor-column-gap-default\">\n\t\t\t\t\t<div class=\"elementor-column elementor-col-100 elementor-top-column elementor-element elementor-element-3e9de40\" data-id=\"3e9de40\" data-element_type=\"column\">\n\t\t\t<div class=\"elementor-widget-wrap elementor-element-populated\">\n\t\t\t\t\t\t<div class=\"elementor-element elementor-element-21f19ae elementor-widget elementor-widget-heading\" data-id=\"21f19ae\" data-element_type=\"widget\" data-widget_type=\"heading.default\">\n\t\t\t\t<div class=\"elementor-widget-container\">\n\t\t\t\t\t<h3 class=\"elementor-heading-title elementor-size-default\">\"The institute aims to promote intervention programs whose objective is to raise awareness among the community in general, from young people to the elderly themselves...\"<\/h3>\t\t\t\t<\/div>\n\t\t\t\t<\/div>\n\t\t\t\t\t<\/div>\n\t\t<\/div>\n\t\t\t\t\t<\/div>\n\t\t<\/section>\n\t\t\t\t<section class=\"elementor-section elementor-top-section elementor-element elementor-element-702bdf8 elementor-section-full_width elementor-section-stretched elementor-section-height-default elementor-section-height-default\" data-id=\"702bdf8\" data-element_type=\"section\" data-settings=\"{&quot;stretch_section&quot;:&quot;section-stretched&quot;}\">\n\t\t\t\t\t\t<div class=\"elementor-container elementor-column-gap-no\">\n\t\t\t\t\t<div class=\"elementor-column elementor-col-50 elementor-top-column elementor-element elementor-element-75d7a4a\" data-id=\"75d7a4a\" data-element_type=\"column\">\n\t\t\t<div class=\"elementor-widget-wrap elementor-element-populated\">\n\t\t\t\t\t\t<div class=\"elementor-element elementor-element-459ef28 elementor-flip-box--effect-push elementor-flip-box--direction-up elementor-widget elementor-widget-flip-box\" data-id=\"459ef28\" data-element_type=\"widget\" data-widget_type=\"flip-box.default\">\n\t\t\t\t<div class=\"elementor-widget-container\">\n\t\t\t\t\t\t\t<div class=\"elementor-flip-box\" tabindex=\"0\">\n\t\t\t<div class=\"elementor-flip-box__layer elementor-flip-box__front\">\n\t\t\t\t<div class=\"elementor-flip-box__layer__overlay\">\n\t\t\t\t\t<div class=\"elementor-flip-box__layer__inner\">\n\t\t\t\t\t\t\n\t\t\t\t\t\t\t\t\t\t\t\t\t<h3 class=\"elementor-flip-box__layer__title\">\n\t\t\t\t\t\t\t\tSA1\t\t\t\t\t\t\t<\/h3>\n\t\t\t\t\t\t\n\t\t\t\t\t\t\t\t\t\t\t\t\t<div class=\"elementor-flip-box__layer__description\">\n\t\t\t\t\t\t\t\t<span style=\"font-weight: 100\">Enhancing research in the field of ageing<\/span>\t\t\t\t\t\t\t<\/div>\n\t\t\t\t\t\t\t\t\t\t\t<\/div>\n\t\t\t\t<\/div>\n\t\t\t<\/div>\n\t\t\t<div class=\"elementor-flip-box__layer elementor-flip-box__back\">\n\t\t\t<div class=\"elementor-flip-box__layer__overlay\">\n\t\t\t\t<div class=\"elementor-flip-box__layer__inner\">\n\t\t\t\t\t\n\t\t\t\t\t\t\t\t\t\t\t<div class=\"elementor-flip-box__layer__description\">\n\t\t\t\t\t\t\tThe ageing process itself entails a range of changes that need to be studied so that services\/responses for older individuals can meet their needs. Constant demographic and societal changes impose a permanent need to understand how ageing occurs, what changes arise, and how Gerontology, encompassing various knowledge areas, can investigate and apply scientific knowledge on the ageing process. The International Institute of Gerontology collaborates directly with CICS - Interdisciplinary Center in Health Sciences at ISAVE, comprising a Scientific Committee, an Ethics Committee, and an External Scientific Advisory Committee, will provide consultation for the research activities carried out.\t\t\t\t\t\t<\/div>\n\t\t\t\t\t\n\t\t\t\t\t\t\t\t\t\t\t<a class=\"elementor-flip-box__button elementor-button elementor-size-xl\">\n\t\t\t\t\t\t\t    \t\t\t\t\t\t<\/a>\n\t\t\t\t\t\t\t\t<\/div>\n\t\t<\/div>\n\t\t<\/div>\n\t\t<\/div>\n\t\t\t\t\t\t<\/div>\n\t\t\t\t<\/div>\n\t\t\t\t\t<\/div>\n\t\t<\/div>\n\t\t\t\t<div class=\"elementor-column elementor-col-50 elementor-top-column elementor-element elementor-element-0f6b7e7\" data-id=\"0f6b7e7\" data-element_type=\"column\">\n\t\t\t<div class=\"elementor-widget-wrap elementor-element-populated\">\n\t\t\t\t\t\t<div class=\"elementor-element elementor-element-2c5e45e elementor-flip-box--effect-push elementor-flip-box--direction-up elementor-widget elementor-widget-flip-box\" data-id=\"2c5e45e\" data-element_type=\"widget\" data-widget_type=\"flip-box.default\">\n\t\t\t\t<div class=\"elementor-widget-container\">\n\t\t\t\t\t\t\t<div class=\"elementor-flip-box\" tabindex=\"0\">\n\t\t\t<div class=\"elementor-flip-box__layer elementor-flip-box__front\">\n\t\t\t\t<div class=\"elementor-flip-box__layer__overlay\">\n\t\t\t\t\t<div class=\"elementor-flip-box__layer__inner\">\n\t\t\t\t\t\t\n\t\t\t\t\t\t\t\t\t\t\t\t\t<h3 class=\"elementor-flip-box__layer__title\">\n\t\t\t\t\t\t\t\tSA2\t\t\t\t\t\t\t<\/h3>\n\t\t\t\t\t\t\n\t\t\t\t\t\t\t\t\t\t\t\t\t<div class=\"elementor-flip-box__layer__description\">\n\t\t\t\t\t\t\t\tEstablish support services for the elderly and caregivers\t\t\t\t\t\t\t<\/div>\n\t\t\t\t\t\t\t\t\t\t\t<\/div>\n\t\t\t\t<\/div>\n\t\t\t<\/div>\n\t\t\t<div class=\"elementor-flip-box__layer elementor-flip-box__back\">\n\t\t\t<div class=\"elementor-flip-box__layer__overlay\">\n\t\t\t\t<div class=\"elementor-flip-box__layer__inner\">\n\t\t\t\t\t\n\t\t\t\t\t\t\t\t\t\t\t<div class=\"elementor-flip-box__layer__description\">\n\t\t\t\t\t\t\tWithin a biopsychosocial perspective of ageing, changes at the physical and psychosocial levels are identified, demanding specific responses for older individuals as well as formal and informal caregivers. Consequently, the institute aims to provide a range of services towards the needs of older individuals to promote successful ageing and the well-being of the elderly. Simultaneously, the caregiver is also recognised as a target for intervention, and to that end, the institute offers tools to train and empower caregivers of the elderly.\t\t\t\t\t\t<\/div>\n\t\t\t\t\t\n\t\t\t\t\t\t\t\t\t\t\t<a class=\"elementor-flip-box__button elementor-button elementor-size-xl\">\n\t\t\t\t\t\t\t    \t\t\t\t\t\t<\/a>\n\t\t\t\t\t\t\t\t<\/div>\n\t\t<\/div>\n\t\t<\/div>\n\t\t<\/div>\n\t\t\t\t\t\t<\/div>\n\t\t\t\t<\/div>\n\t\t\t\t\t<\/div>\n\t\t<\/div>\n\t\t\t\t\t<\/div>\n\t\t<\/section>\n\t\t\t\t<section class=\"elementor-section elementor-top-section elementor-element elementor-element-2e798cc elementor-section-full_width elementor-section-stretched elementor-section-height-default elementor-section-height-default\" data-id=\"2e798cc\" data-element_type=\"section\" data-settings=\"{&quot;stretch_section&quot;:&quot;section-stretched&quot;}\">\n\t\t\t\t\t\t<div class=\"elementor-container elementor-column-gap-no\">\n\t\t\t\t\t<div class=\"elementor-column elementor-col-50 elementor-top-column elementor-element elementor-element-b6e037f\" data-id=\"b6e037f\" data-element_type=\"column\">\n\t\t\t<div class=\"elementor-widget-wrap elementor-element-populated\">\n\t\t\t\t\t\t<div class=\"elementor-element elementor-element-41eb57b elementor-flip-box--effect-push elementor-flip-box--direction-up elementor-widget elementor-widget-flip-box\" data-id=\"41eb57b\" data-element_type=\"widget\" data-widget_type=\"flip-box.default\">\n\t\t\t\t<div class=\"elementor-widget-container\">\n\t\t\t\t\t\t\t<div class=\"elementor-flip-box\" tabindex=\"0\">\n\t\t\t<div class=\"elementor-flip-box__layer elementor-flip-box__front\">\n\t\t\t\t<div class=\"elementor-flip-box__layer__overlay\">\n\t\t\t\t\t<div class=\"elementor-flip-box__layer__inner\">\n\t\t\t\t\t\t\n\t\t\t\t\t\t\t\t\t\t\t\t\t<h3 class=\"elementor-flip-box__layer__title\">\n\t\t\t\t\t\t\t\tSA3\t\t\t\t\t\t\t<\/h3>\n\t\t\t\t\t\t\n\t\t\t\t\t\t\t\t\t\t\t\t\t<div class=\"elementor-flip-box__layer__description\">\n\t\t\t\t\t\t\t\tEngage various players in the ageing process\t\t\t\t\t\t\t<\/div>\n\t\t\t\t\t\t\t\t\t\t\t<\/div>\n\t\t\t\t<\/div>\n\t\t\t<\/div>\n\t\t\t<div class=\"elementor-flip-box__layer elementor-flip-box__back\">\n\t\t\t<div class=\"elementor-flip-box__layer__overlay\">\n\t\t\t\t<div class=\"elementor-flip-box__layer__inner\">\n\t\t\t\t\t\n\t\t\t\t\t\t\t\t\t\t\t<div class=\"elementor-flip-box__layer__description\">\n\t\t\t\t\t\t\tThe institute aims to boost intervention programs to raise awareness in the community in general, from the youngest generation to the elderly, about emerging issues in the field of Gerontology. Involving all participants in the ageing process is an asset identified by researchers, and thus, the institute acknowledges this purpose in all its intra and intergenerational actions.\t\t\t\t\t\t<\/div>\n\t\t\t\t\t\n\t\t\t\t\t\t\t\t\t\t\t<a class=\"elementor-flip-box__button elementor-button elementor-size-xl\">\n\t\t\t\t\t\t\t    \t\t\t\t\t\t<\/a>\n\t\t\t\t\t\t\t\t<\/div>\n\t\t<\/div>\n\t\t<\/div>\n\t\t<\/div>\n\t\t\t\t\t\t<\/div>\n\t\t\t\t<\/div>\n\t\t\t\t\t<\/div>\n\t\t<\/div>\n\t\t\t\t<div class=\"elementor-column elementor-col-50 elementor-top-column elementor-element elementor-element-4e50fd7\" data-id=\"4e50fd7\" data-element_type=\"column\">\n\t\t\t<div class=\"elementor-widget-wrap elementor-element-populated\">\n\t\t\t\t\t\t<div class=\"elementor-element elementor-element-bcd0776 elementor-flip-box--effect-push elementor-flip-box--direction-up elementor-widget elementor-widget-flip-box\" data-id=\"bcd0776\" data-element_type=\"widget\" data-widget_type=\"flip-box.default\">\n\t\t\t\t<div class=\"elementor-widget-container\">\n\t\t\t\t\t\t\t<div class=\"elementor-flip-box\" tabindex=\"0\">\n\t\t\t<div class=\"elementor-flip-box__layer elementor-flip-box__front\">\n\t\t\t\t<div class=\"elementor-flip-box__layer__overlay\">\n\t\t\t\t\t<div class=\"elementor-flip-box__layer__inner\">\n\t\t\t\t\t\t\n\t\t\t\t\t\t\t\t\t\t\t\t\t<h3 class=\"elementor-flip-box__layer__title\">\n\t\t\t\t\t\t\t\tSA4\t\t\t\t\t\t\t<\/h3>\n\t\t\t\t\t\t\n\t\t\t\t\t\t\t\t\t\t\t\t\t<div class=\"elementor-flip-box__layer__description\">\n\t\t\t\t\t\t\t\tPromoting the internationalisation of good practices\t\t\t\t\t\t\t<\/div>\n\t\t\t\t\t\t\t\t\t\t\t<\/div>\n\t\t\t\t<\/div>\n\t\t\t<\/div>\n\t\t\t<div class=\"elementor-flip-box__layer elementor-flip-box__back\">\n\t\t\t<div class=\"elementor-flip-box__layer__overlay\">\n\t\t\t\t<div class=\"elementor-flip-box__layer__inner\">\n\t\t\t\t\t\n\t\t\t\t\t\t\t\t\t\t\t<div class=\"elementor-flip-box__layer__description\">\n\t\t\t\t\t\t\tThe International Institute of Gerontology's excellent network of partner entities and the integration of elements from various international contexts allows access to projects and programs in the area of ageing that promote the proliferation of good practices among the elderly population, as well as at the level of social and health organisations that support the ageing process.\t\t\t\t\t\t<\/div>\n\t\t\t\t\t\n\t\t\t\t\t\t\t\t\t\t\t<a class=\"elementor-flip-box__button elementor-button elementor-size-xl\">\n\t\t\t\t\t\t\t    \t\t\t\t\t\t<\/a>\n\t\t\t\t\t\t\t\t<\/div>\n\t\t<\/div>\n\t\t<\/div>\n\t\t<\/div>\n\t\t\t\t\t\t<\/div>\n\t\t\t\t<\/div>\n\t\t\t\t\t<\/div>\n\t\t<\/div>\n\t\t\t\t\t<\/div>\n\t\t<\/section>\n\t\t\t\t<\/div>\n\t\t","protected":false},"excerpt":{"rendered":"<p>Strategic axes Strategic axes &#8220;The institute aims to promote intervention programs whose objective is to raise awareness among the community in general, [&hellip;]<\/p>\n","protected":false},"author":2,"featured_media":0,"parent":0,"menu_order":0,"comment_status":"closed","ping_status":"closed","template":"elementor_header_footer","meta":{"_monsterinsights_skip_tracking":false,"_monsterinsights_sitenote_active":false,"_monsterinsights_sitenote_note":"","_monsterinsights_sitenote_category":0,"footnotes":""},"class_list":["post-1697","page","type-page","status-publish","hentry"],"aioseo_notices":[],"yoast_head":"<!-- This site is optimized with the Yoast SEO plugin v24.8 - https:\/\/yoast.com\/wordpress\/plugins\/seo\/ -->\n<title>Strategic Axes - Instituto Internacional de Gerontologia<\/title>\n<meta name=\"robots\" content=\"index, follow, max-snippet:-1, max-image-preview:large, max-video-preview:-1\" \/>\n<link rel=\"canonical\" href=\"https:\/\/i2gerontology.com\/en\/strategic-axes\/\" \/>\n<meta property=\"og:locale\" content=\"en_US\" \/>\n<meta property=\"og:type\" content=\"article\" \/>\n<meta property=\"og:title\" content=\"Strategic Axes - Instituto Internacional de Gerontologia\" \/>\n<meta property=\"og:description\" content=\"Strategic axes Strategic axes &#8220;The institute aims to promote intervention programs whose objective is to raise awareness among the community in general, [&hellip;]\" \/>\n<meta property=\"og:url\" content=\"https:\/\/i2gerontology.com\/en\/strategic-axes\/\" \/>\n<meta property=\"og:site_name\" content=\"Instituto Internacional de Gerontologia\" \/>\n<meta property=\"article:modified_time\" content=\"2023-11-03T17:08:48+00:00\" \/>\n<meta property=\"og:image\" content=\"https:\/\/i2gerontology.com\/wp-content\/uploads\/2023\/09\/IG_yoast.jpg\" \/>\n\t<meta property=\"og:image:width\" content=\"1440\" \/>\n\t<meta property=\"og:image:height\" content=\"787\" \/>\n\t<meta property=\"og:image:type\" content=\"image\/jpeg\" \/>\n<meta name=\"twitter:card\" content=\"summary_large_image\" \/>\n<meta name=\"twitter:label1\" content=\"Est. reading time\" \/>\n\t<meta name=\"twitter:data1\" content=\"2 minutes\" \/>\n<script type=\"application\/ld+json\" class=\"yoast-schema-graph\">{\"@context\":\"https:\/\/schema.org\",\"@graph\":[{\"@type\":\"WebPage\",\"@id\":\"https:\/\/i2gerontology.com\/en\/strategic-axes\/\",\"url\":\"https:\/\/i2gerontology.com\/en\/strategic-axes\/\",\"name\":\"Strategic Axes - Instituto Internacional de Gerontologia\",\"isPartOf\":{\"@id\":\"https:\/\/i2gerontology.com\/en\/#website\"},\"datePublished\":\"2023-01-17T16:13:19+00:00\",\"dateModified\":\"2023-11-03T17:08:48+00:00\",\"breadcrumb\":{\"@id\":\"https:\/\/i2gerontology.com\/en\/strategic-axes\/#breadcrumb\"},\"inLanguage\":\"en-US\",\"potentialAction\":[{\"@type\":\"ReadAction\",\"target\":[\"https:\/\/i2gerontology.com\/en\/strategic-axes\/\"]}]},{\"@type\":\"BreadcrumbList\",\"@id\":\"https:\/\/i2gerontology.com\/en\/strategic-axes\/#breadcrumb\",\"itemListElement\":[{\"@type\":\"ListItem\",\"position\":1,\"name\":\"In\u00edcio\",\"item\":\"https:\/\/i2gerontology.com\/en\/\"},{\"@type\":\"ListItem\",\"position\":2,\"name\":\"Strategic Axes\"}]},{\"@type\":\"WebSite\",\"@id\":\"https:\/\/i2gerontology.com\/en\/#website\",\"url\":\"https:\/\/i2gerontology.com\/en\/\",\"name\":\"Instituto Internacional de Gerontologia\",\"description\":\"A articula\u00e7\u00e3o entre o ensino superior, a investiga\u00e7\u00e3o e  a presta\u00e7\u00e3o de servi\u00e7os na \u00e1rea da Gerontologia s\u00e3o atualmente um dos principais pilares de desenvolvimento e inova\u00e7\u00e3o\",\"publisher\":{\"@id\":\"https:\/\/i2gerontology.com\/en\/#organization\"},\"alternateName\":\"Instituto Internacional de Gerontologia\",\"potentialAction\":[{\"@type\":\"SearchAction\",\"target\":{\"@type\":\"EntryPoint\",\"urlTemplate\":\"https:\/\/i2gerontology.com\/en\/?s={search_term_string}\"},\"query-input\":{\"@type\":\"PropertyValueSpecification\",\"valueRequired\":true,\"valueName\":\"search_term_string\"}}],\"inLanguage\":\"en-US\"},{\"@type\":\"Organization\",\"@id\":\"https:\/\/i2gerontology.com\/en\/#organization\",\"name\":\"Instituto Internacional de Gerontologia\",\"url\":\"https:\/\/i2gerontology.com\/en\/\",\"logo\":{\"@type\":\"ImageObject\",\"inLanguage\":\"en-US\",\"@id\":\"https:\/\/i2gerontology.com\/en\/#\/schema\/logo\/image\/\",\"url\":\"https:\/\/i2gerontology.com\/wp-content\/uploads\/2023\/01\/gerontologia_branco.png\",\"contentUrl\":\"https:\/\/i2gerontology.com\/wp-content\/uploads\/2023\/01\/gerontologia_branco.png\",\"width\":885,\"height\":281,\"caption\":\"Instituto Internacional de Gerontologia\"},\"image\":{\"@id\":\"https:\/\/i2gerontology.com\/en\/#\/schema\/logo\/image\/\"}}]}<\/script>\n<!-- \/ Yoast SEO plugin. -->","yoast_head_json":{"title":"Strategic Axes - Instituto Internacional de Gerontologia","robots":{"index":"index","follow":"follow","max-snippet":"max-snippet:-1","max-image-preview":"max-image-preview:large","max-video-preview":"max-video-preview:-1"},"canonical":"https:\/\/i2gerontology.com\/en\/strategic-axes\/","og_locale":"en_US","og_type":"article","og_title":"Strategic Axes - Instituto Internacional de Gerontologia","og_description":"Strategic axes Strategic axes &#8220;The institute aims to promote intervention programs whose objective is to raise awareness among the community in general, [&hellip;]","og_url":"https:\/\/i2gerontology.com\/en\/strategic-axes\/","og_site_name":"Instituto Internacional de Gerontologia","article_modified_time":"2023-11-03T17:08:48+00:00","og_image":[{"width":1440,"height":787,"url":"https:\/\/i2gerontology.com\/wp-content\/uploads\/2023\/09\/IG_yoast.jpg","type":"image\/jpeg"}],"twitter_card":"summary_large_image","twitter_misc":{"Est. reading time":"2 minutes"},"schema":{"@context":"https:\/\/schema.org","@graph":[{"@type":"WebPage","@id":"https:\/\/i2gerontology.com\/en\/strategic-axes\/","url":"https:\/\/i2gerontology.com\/en\/strategic-axes\/","name":"Strategic Axes - Instituto Internacional de Gerontologia","isPartOf":{"@id":"https:\/\/i2gerontology.com\/en\/#website"},"datePublished":"2023-01-17T16:13:19+00:00","dateModified":"2023-11-03T17:08:48+00:00","breadcrumb":{"@id":"https:\/\/i2gerontology.com\/en\/strategic-axes\/#breadcrumb"},"inLanguage":"en-US","potentialAction":[{"@type":"ReadAction","target":["https:\/\/i2gerontology.com\/en\/strategic-axes\/"]}]},{"@type":"BreadcrumbList","@id":"https:\/\/i2gerontology.com\/en\/strategic-axes\/#breadcrumb","itemListElement":[{"@type":"ListItem","position":1,"name":"In\u00edcio","item":"https:\/\/i2gerontology.com\/en\/"},{"@type":"ListItem","position":2,"name":"Strategic Axes"}]},{"@type":"WebSite","@id":"https:\/\/i2gerontology.com\/en\/#website","url":"https:\/\/i2gerontology.com\/en\/","name":"Instituto Internacional de Gerontologia","description":"A articula\u00e7\u00e3o entre o ensino superior, a investiga\u00e7\u00e3o e  a presta\u00e7\u00e3o de servi\u00e7os na \u00e1rea da Gerontologia s\u00e3o atualmente um dos principais pilares de desenvolvimento e inova\u00e7\u00e3o","publisher":{"@id":"https:\/\/i2gerontology.com\/en\/#organization"},"alternateName":"Instituto Internacional de Gerontologia","potentialAction":[{"@type":"SearchAction","target":{"@type":"EntryPoint","urlTemplate":"https:\/\/i2gerontology.com\/en\/?s={search_term_string}"},"query-input":{"@type":"PropertyValueSpecification","valueRequired":true,"valueName":"search_term_string"}}],"inLanguage":"en-US"},{"@type":"Organization","@id":"https:\/\/i2gerontology.com\/en\/#organization","name":"Instituto Internacional de Gerontologia","url":"https:\/\/i2gerontology.com\/en\/","logo":{"@type":"ImageObject","inLanguage":"en-US","@id":"https:\/\/i2gerontology.com\/en\/#\/schema\/logo\/image\/","url":"https:\/\/i2gerontology.com\/wp-content\/uploads\/2023\/01\/gerontologia_branco.png","contentUrl":"https:\/\/i2gerontology.com\/wp-content\/uploads\/2023\/01\/gerontologia_branco.png","width":885,"height":281,"caption":"Instituto Internacional de Gerontologia"},"image":{"@id":"https:\/\/i2gerontology.com\/en\/#\/schema\/logo\/image\/"}}]}},"_links":{"self":[{"href":"https:\/\/i2gerontology.com\/en\/wp-json\/wp\/v2\/pages\/1697","targetHints":{"allow":["GET"]}}],"collection":[{"href":"https:\/\/i2gerontology.com\/en\/wp-json\/wp\/v2\/pages"}],"about":[{"href":"https:\/\/i2gerontology.com\/en\/wp-json\/wp\/v2\/types\/page"}],"author":[{"embeddable":true,"href":"https:\/\/i2gerontology.com\/en\/wp-json\/wp\/v2\/users\/2"}],"replies":[{"embeddable":true,"href":"https:\/\/i2gerontology.com\/en\/wp-json\/wp\/v2\/comments?post=1697"}],"version-history":[{"count":5,"href":"https:\/\/i2gerontology.com\/en\/wp-json\/wp\/v2\/pages\/1697\/revisions"}],"predecessor-version":[{"id":1720,"href":"https:\/\/i2gerontology.com\/en\/wp-json\/wp\/v2\/pages\/1697\/revisions\/1720"}],"wp:attachment":[{"href":"https:\/\/i2gerontology.com\/en\/wp-json\/wp\/v2\/media?parent=1697"}],"curies":[{"name":"wp","href":"https:\/\/api.w.org\/{rel}","templated":true}]}}