{"id":1733,"date":"2023-11-06T09:24:02","date_gmt":"2023-11-06T09:24:02","guid":{"rendered":"https:\/\/i2gerontology.com\/form\/"},"modified":"2023-11-07T14:05:15","modified_gmt":"2023-11-07T14:05:15","slug":"form","status":"publish","type":"page","link":"https:\/\/i2gerontology.com\/en\/form\/","title":{"rendered":"Form"},"content":{"rendered":"\t\t<div data-elementor-type=\"wp-page\" data-elementor-id=\"1733\" class=\"elementor elementor-1733 elementor-1731\" data-elementor-post-type=\"page\">\n\t\t\t\t\t\t<section class=\"elementor-section elementor-top-section elementor-element elementor-element-b58f745 elementor-section-stretched elementor-section-boxed elementor-section-height-default elementor-section-height-default\" data-id=\"b58f745\" data-element_type=\"section\" data-settings=\"{&quot;stretch_section&quot;:&quot;section-stretched&quot;,&quot;background_background&quot;:&quot;classic&quot;}\">\n\t\t\t\t\t\t<div class=\"elementor-container elementor-column-gap-default\">\n\t\t\t\t\t<div class=\"elementor-column elementor-col-100 elementor-top-column elementor-element elementor-element-ba02afc\" data-id=\"ba02afc\" data-element_type=\"column\">\n\t\t\t<div class=\"elementor-widget-wrap elementor-element-populated\">\n\t\t\t\t\t\t<div class=\"elementor-element elementor-element-9264633 elementor-widget elementor-widget-heading\" data-id=\"9264633\" data-element_type=\"widget\" data-widget_type=\"heading.default\">\n\t\t\t\t<div class=\"elementor-widget-container\">\n\t\t\t\t\t<h1 class=\"elementor-heading-title elementor-size-default\">Form<\/h1>\t\t\t\t<\/div>\n\t\t\t\t<\/div>\n\t\t\t\t\t<\/div>\n\t\t<\/div>\n\t\t\t\t\t<\/div>\n\t\t<\/section>\n\t\t\t\t<section class=\"elementor-section elementor-top-section elementor-element elementor-element-5c76557 elementor-section-boxed elementor-section-height-default elementor-section-height-default\" data-id=\"5c76557\" data-element_type=\"section\">\n\t\t\t\t\t\t<div class=\"elementor-container elementor-column-gap-default\">\n\t\t\t\t\t<div class=\"elementor-column elementor-col-100 elementor-top-column elementor-element elementor-element-4887b7a\" data-id=\"4887b7a\" data-element_type=\"column\">\n\t\t\t<div class=\"elementor-widget-wrap elementor-element-populated\">\n\t\t\t\t\t\t<div class=\"elementor-element elementor-element-6b45012 elementor-widget elementor-widget-image\" data-id=\"6b45012\" data-element_type=\"widget\" data-widget_type=\"image.default\">\n\t\t\t\t<div class=\"elementor-widget-container\">\n\t\t\t\t\t\t\t\t\t\t\t\t\t\t\t<img fetchpriority=\"high\" decoding=\"async\" width=\"1911\" height=\"662\" src=\"https:\/\/i2gerontology.com\/wp-content\/uploads\/2023\/11\/congresso-luso-galaico-em-gerontologia-banner-1.png\" class=\"attachment-full size-full wp-image-1747\" alt=\"\" srcset=\"https:\/\/i2gerontology.com\/wp-content\/uploads\/2023\/11\/congresso-luso-galaico-em-gerontologia-banner-1.png 1911w, https:\/\/i2gerontology.com\/wp-content\/uploads\/2023\/11\/congresso-luso-galaico-em-gerontologia-banner-1-300x104.png 300w, https:\/\/i2gerontology.com\/wp-content\/uploads\/2023\/11\/congresso-luso-galaico-em-gerontologia-banner-1-1024x355.png 1024w, https:\/\/i2gerontology.com\/wp-content\/uploads\/2023\/11\/congresso-luso-galaico-em-gerontologia-banner-1-768x266.png 768w, https:\/\/i2gerontology.com\/wp-content\/uploads\/2023\/11\/congresso-luso-galaico-em-gerontologia-banner-1-1536x532.png 1536w, https:\/\/i2gerontology.com\/wp-content\/uploads\/2023\/11\/congresso-luso-galaico-em-gerontologia-banner-1-1000x346.png 1000w, https:\/\/i2gerontology.com\/wp-content\/uploads\/2023\/11\/congresso-luso-galaico-em-gerontologia-banner-1-230x80.png 230w, https:\/\/i2gerontology.com\/wp-content\/uploads\/2023\/11\/congresso-luso-galaico-em-gerontologia-banner-1-350x121.png 350w, https:\/\/i2gerontology.com\/wp-content\/uploads\/2023\/11\/congresso-luso-galaico-em-gerontologia-banner-1-480x166.png 480w\" sizes=\"(max-width: 1911px) 100vw, 1911px\" \/>\t\t\t\t\t\t\t\t\t\t\t\t\t\t\t<\/div>\n\t\t\t\t<\/div>\n\t\t\t\t\t<\/div>\n\t\t<\/div>\n\t\t\t\t\t<\/div>\n\t\t<\/section>\n\t\t\t\t<section class=\"elementor-section elementor-top-section elementor-element elementor-element-5a58f8d elementor-section-boxed elementor-section-height-default elementor-section-height-default\" data-id=\"5a58f8d\" data-element_type=\"section\">\n\t\t\t\t\t\t<div class=\"elementor-container elementor-column-gap-default\">\n\t\t\t\t\t<div class=\"elementor-column elementor-col-100 elementor-top-column elementor-element elementor-element-2efab25\" data-id=\"2efab25\" data-element_type=\"column\">\n\t\t\t<div class=\"elementor-widget-wrap elementor-element-populated\">\n\t\t\t\t\t\t<section class=\"elementor-section elementor-inner-section elementor-element elementor-element-ffecf91 elementor-section-content-top elementor-section-boxed elementor-section-height-default elementor-section-height-default\" data-id=\"ffecf91\" data-element_type=\"section\">\n\t\t\t\t\t\t<div class=\"elementor-container elementor-column-gap-default\">\n\t\t\t\t\t<div class=\"elementor-column elementor-col-100 elementor-inner-column elementor-element elementor-element-df46f41\" data-id=\"df46f41\" data-element_type=\"column\">\n\t\t\t<div class=\"elementor-widget-wrap elementor-element-populated\">\n\t\t\t\t\t\t<div class=\"elementor-element elementor-element-deb247f elementor-widget elementor-widget-athemes-elementor-cf7\" data-id=\"deb247f\" data-element_type=\"widget\" data-widget_type=\"athemes-elementor-cf7.default\">\n\t\t\t\t<div class=\"elementor-widget-container\">\n\t\t\t\t\t\r\n\t\t<div class=\"athemes-ele-form athemes-ele-cf7\">\r\n\t\t\t<div class=\"athemes-ele-form-inner\">\r\n\t\t\t\t\r\n\t\t\t\t\n<div class=\"wpcf7 no-js\" id=\"wpcf7-f1741-o1\" lang=\"en-US\" dir=\"ltr\" data-wpcf7-id=\"1741\">\n<div class=\"screen-reader-response\"><p role=\"status\" aria-live=\"polite\" aria-atomic=\"true\"><\/p> <ul><\/ul><\/div>\n<form action=\"\/en\/wp-json\/wp\/v2\/pages\/1733#wpcf7-f1741-o1\" method=\"post\" class=\"wpcf7-form init\" aria-label=\"Contact form\" enctype=\"multipart\/form-data\" novalidate=\"novalidate\" data-status=\"init\">\n<div style=\"display: none;\">\n<input type=\"hidden\" name=\"_wpcf7\" value=\"1741\" \/>\n<input type=\"hidden\" name=\"_wpcf7_version\" value=\"6.0.5\" \/>\n<input type=\"hidden\" name=\"_wpcf7_locale\" value=\"en_US\" \/>\n<input type=\"hidden\" name=\"_wpcf7_unit_tag\" value=\"wpcf7-f1741-o1\" \/>\n<input type=\"hidden\" name=\"_wpcf7_container_post\" value=\"0\" \/>\n<input type=\"hidden\" name=\"_wpcf7_posted_data_hash\" value=\"\" \/>\n<input type=\"hidden\" name=\"_wpcf7cf_hidden_group_fields\" value=\"[]\" \/>\n<input type=\"hidden\" name=\"_wpcf7cf_hidden_groups\" value=\"[]\" \/>\n<input type=\"hidden\" name=\"_wpcf7cf_visible_groups\" value=\"[]\" \/>\n<input type=\"hidden\" name=\"_wpcf7cf_repeaters\" value=\"[]\" \/>\n<input type=\"hidden\" name=\"_wpcf7cf_steps\" value=\"{}\" \/>\n<input type=\"hidden\" name=\"_wpcf7cf_options\" value=\"{&quot;form_id&quot;:1741,&quot;conditions&quot;:[{&quot;then_field&quot;:&quot;-1&quot;,&quot;and_rules&quot;:[{&quot;if_field&quot;:&quot;-1&quot;,&quot;operator&quot;:&quot;equals&quot;,&quot;if_value&quot;:&quot;online&quot;}]},{&quot;then_field&quot;:&quot;-1&quot;,&quot;and_rules&quot;:[{&quot;if_field&quot;:&quot;-1&quot;,&quot;operator&quot;:&quot;equals&quot;,&quot;if_value&quot;:&quot;in person&quot;},{&quot;if_field&quot;:&quot;-1&quot;,&quot;operator&quot;:&quot;equals&quot;,&quot;if_value&quot;:&quot;1&quot;},{&quot;if_field&quot;:&quot;-1&quot;,&quot;operator&quot;:&quot;equals&quot;,&quot;if_value&quot;:&quot;2&quot;}]}],&quot;settings&quot;:{&quot;animation&quot;:&quot;yes&quot;,&quot;animation_intime&quot;:200,&quot;animation_outtime&quot;:200,&quot;conditions_ui&quot;:&quot;normal&quot;,&quot;notice_dismissed&quot;:false}}\" \/>\n<input type=\"hidden\" name=\"_uacf7_hidden_conditional_fields\" value=\"\" \/>\n<input type=\"hidden\" name=\"_wpcf7_recaptcha_response\" value=\"\" \/>\n<\/div>\n<div class=\"uacf7-form-1741  \"><div style=\"display: flex\">\n<div style=\"width: 100%\" style=\"color: black;\"><label>Full name<\/label><span class=\"wpcf7-form-control-wrap\" data-name=\"your-name\"><input size=\"40\" maxlength=\"400\" class=\"wpcf7-form-control wpcf7-text wpcf7-validates-as-required\" aria-required=\"true\" aria-invalid=\"false\" placeholder=\"Your name...\" value=\"\" type=\"text\" name=\"your-name\" \/><\/span><\/div>\n<\/div>\n\n<div style=\"display: flex\">\n<div style=\"width: 70%\"><label>Address<\/label><span class=\"wpcf7-form-control-wrap\" data-name=\"your-address\"><input size=\"40\" maxlength=\"400\" class=\"wpcf7-form-control wpcf7-text wpcf7-validates-as-required\" id=\"texto\" aria-required=\"true\" aria-invalid=\"false\" placeholder=\"Your address...\" value=\"\" type=\"text\" name=\"your-address\" \/><\/span><\/div>\n<div style=\"width: 30%; margin-left: 5%\"><label>ZIP Code<\/label><span class=\"wpcf7-form-control-wrap\" data-name=\"your-zip\"><input size=\"40\" maxlength=\"400\" class=\"wpcf7-form-control wpcf7-text wpcf7-validates-as-required\" aria-required=\"true\" aria-invalid=\"false\" placeholder=\"ZIP code\" value=\"\" type=\"text\" name=\"your-zip\" \/><\/span><\/div>\n<\/div>\n\n<div style=\"display: flex\">\n<div style=\"width: 100%\"><label>NIF<\/label><span class=\"wpcf7-form-control-wrap\" data-name=\"your-nif\"><input size=\"40\" maxlength=\"400\" class=\"wpcf7-form-control wpcf7-text wpcf7-validates-as-required\" aria-required=\"true\" aria-invalid=\"false\" placeholder=\"Your NIF...\" value=\"\" type=\"text\" name=\"your-nif\" \/><\/span><\/div>\n<\/div>\n\n<div style=\"display: flex\">\n<div style=\"width: 50%\"><label>Email<\/label><span class=\"wpcf7-form-control-wrap\" data-name=\"your-email\"><input size=\"40\" maxlength=\"400\" class=\"wpcf7-form-control wpcf7-email wpcf7-validates-as-required wpcf7-text wpcf7-validates-as-email\" aria-required=\"true\" aria-invalid=\"false\" placeholder=\"Your email address...\" value=\"\" type=\"email\" name=\"your-email\" \/><\/span><\/div>\n<div style=\"width: 50%; margin-left: 5%\"><label>Data de nascimento<\/label><span class=\"wpcf7-form-control-wrap\" data-name=\"your-birth\"><input class=\"wpcf7-form-control wpcf7-date wpcf7-validates-as-required wpcf7-validates-as-date\" aria-required=\"true\" aria-invalid=\"false\" placeholder=\"Data de nascimento\" value=\"\" type=\"date\" name=\"your-birth\" \/><\/span><\/div>\n<\/div>\n\n\n\n\n<label> Type of submission <span class=\"wpcf7-form-control-wrap\" data-name=\"menu-739\"><select class=\"wpcf7-form-control wpcf7-select\" aria-invalid=\"false\" name=\"menu-739\"><option value=\"Online\">Online<\/option><option value=\"In Person\">In Person<\/option><\/select><\/span> <\/label>\n\n\n\n<div class=\"uacf7_conditional presencial\">\n<label> * In person mode type of submission:<\/label> <span class=\"wpcf7-form-control-wrap\" data-name=\"menu-127\"><select class=\"wpcf7-form-control wpcf7-select wpcf7-validates-as-required\" aria-required=\"true\" aria-invalid=\"false\" name=\"menu-127\"><option value=\"ISAVE Student (10\u20ac)\">ISAVE Student (10\u20ac)<\/option><option value=\"Former ISAVE Student(25\u20ac)\">Former ISAVE Student(25\u20ac)<\/option><option value=\"ISAVE Internship Advisor (25\u20ac)\">ISAVE Internship Advisor (25\u20ac)<\/option><option value=\"Health Professional (30\u20ac)\">Health Professional (30\u20ac)<\/option><\/select><\/span> <\/label> <div class=\"clear\"><\/div>\n<\/div>\n\n<div style=\"display: flex\">\n\n<span class=\"wpcf7-form-control-wrap\" data-name=\"acceptance-465\"><span class=\"wpcf7-form-control wpcf7-acceptance\"><span class=\"wpcf7-list-item\"><label><input type=\"checkbox\" name=\"acceptance-465\" value=\"1\" aria-invalid=\"false\" \/><span class=\"wpcf7-list-item-label\">I accept my personal data<\/span><\/label><\/span><\/span><\/span>\n<\/div>\n\n<div style=\"background-color: #233452; border: 1px solid #007FA5; border: 1px solid ##007FA5; padding: 24px 32px; margin-bottom: 24px\">\n<span class=\"wpcf7-form-control-wrap\" data-name=\"file\"><input size=\"40\" class=\"wpcf7-form-control wpcf7-file wpcf7-validates-as-required\" accept=\".pdf\" aria-required=\"true\" aria-invalid=\"false\" type=\"file\" name=\"file\" \/><\/span>\n<br>\n<p style=\"color: #f1f1f1; font-size: 12px\">* IBAN: PT50 0035 0249 0007 2071 9300 3 | SWIFT: CGDIPTPL\n<\/p>\n<p style=\"color: #f1f1f1; font-size: 12px\">* ONLINE: 30\u20ac (regardless of academic qualification) | In Person: ISAVE Student (10\u20ac) | Former ISAVE Student or ISAVE Internship Advisor  (25\u20ac) | Health Professional (30\u20ac)<\/p>\n<\/div>\n\n\n<input class=\"wpcf7-form-control wpcf7-submit has-spinner\" type=\"submit\" value=\"SUBMIT\" \/><\/div><input type='hidden' class='wpcf7-pum' value='{\"closepopup\":false,\"closedelay\":0,\"openpopup\":false,\"openpopup_id\":0}' \/><div class=\"wpcf7-response-output\" aria-hidden=\"true\"><\/div>\n<\/form>\n<\/div>\n\t\t\t<\/div>\r\n\t\t<\/div>\r\n\r\n\t\t\t\t\t\t<\/div>\n\t\t\t\t<\/div>\n\t\t\t\t\t<\/div>\n\t\t<\/div>\n\t\t\t\t\t<\/div>\n\t\t<\/section>\n\t\t\t\t\t<\/div>\n\t\t<\/div>\n\t\t\t\t\t<\/div>\n\t\t<\/section>\n\t\t\t\t<section class=\"elementor-section elementor-top-section elementor-element elementor-element-8dbd256 elementor-section-boxed elementor-section-height-default elementor-section-height-default\" data-id=\"8dbd256\" data-element_type=\"section\">\n\t\t\t\t\t\t<div class=\"elementor-container elementor-column-gap-default\">\n\t\t\t\t\t<div class=\"elementor-column elementor-col-100 elementor-top-column elementor-element elementor-element-27e02d8\" data-id=\"27e02d8\" data-element_type=\"column\">\n\t\t\t<div class=\"elementor-widget-wrap elementor-element-populated\">\n\t\t\t\t\t\t<div class=\"elementor-element elementor-element-f426eeb elementor-widget elementor-widget-text-editor\" data-id=\"f426eeb\" data-element_type=\"widget\" data-widget_type=\"text-editor.default\">\n\t\t\t\t<div class=\"elementor-widget-container\">\n\t\t\t\t\t\t\t\t\t<p>All info available on: <a href=\"https:\/\/isave.pt\/iii-congresso-luso-galaico-em-gerontologia-comunidades-compassivas\/\">https:\/\/isave.pt\/iii-congresso-luso-galaico-em-gerontologia-comunidades-compassivas\/<\/a><\/p>\t\t\t\t\t\t\t\t<\/div>\n\t\t\t\t<\/div>\n\t\t\t\t\t<\/div>\n\t\t<\/div>\n\t\t\t\t\t<\/div>\n\t\t<\/section>\n\t\t\t\t<\/div>\n\t\t","protected":false},"excerpt":{"rendered":"<p>Form Full name Address ZIP Code NIF Email Data de nascimento Type of submission OnlineIn Person * In person mode type of [&hellip;]<\/p>\n","protected":false},"author":2,"featured_media":0,"parent":0,"menu_order":0,"comment_status":"closed","ping_status":"closed","template":"elementor_header_footer","meta":{"_monsterinsights_skip_tracking":false,"_monsterinsights_sitenote_active":false,"_monsterinsights_sitenote_note":"","_monsterinsights_sitenote_category":0,"footnotes":""},"class_list":["post-1733","page","type-page","status-publish","hentry"],"aioseo_notices":[],"yoast_head":"<!-- This site is optimized with the Yoast SEO plugin v24.8 - https:\/\/yoast.com\/wordpress\/plugins\/seo\/ -->\n<title>Form - Instituto Internacional de Gerontologia<\/title>\n<meta name=\"robots\" content=\"index, follow, max-snippet:-1, max-image-preview:large, max-video-preview:-1\" \/>\n<link rel=\"canonical\" href=\"https:\/\/i2gerontology.com\/en\/form\/\" \/>\n<meta property=\"og:locale\" content=\"en_US\" \/>\n<meta property=\"og:type\" content=\"article\" \/>\n<meta property=\"og:title\" content=\"Form - Instituto Internacional de Gerontologia\" \/>\n<meta property=\"og:description\" content=\"Form Full name Address ZIP Code NIF Email Data de nascimento Type of submission OnlineIn Person * In person mode type of [&hellip;]\" \/>\n<meta property=\"og:url\" content=\"https:\/\/i2gerontology.com\/en\/form\/\" \/>\n<meta property=\"og:site_name\" content=\"Instituto Internacional de Gerontologia\" \/>\n<meta property=\"article:modified_time\" content=\"2023-11-07T14:05:15+00:00\" \/>\n<meta property=\"og:image\" content=\"https:\/\/i2gerontology.com\/wp-content\/uploads\/2023\/11\/congresso-luso-galaico-em-gerontologia-banner-1.png\" \/>\n\t<meta property=\"og:image:width\" content=\"1911\" \/>\n\t<meta property=\"og:image:height\" content=\"662\" \/>\n\t<meta property=\"og:image:type\" content=\"image\/png\" \/>\n<meta name=\"twitter:card\" content=\"summary_large_image\" \/>\n<script type=\"application\/ld+json\" class=\"yoast-schema-graph\">{\"@context\":\"https:\/\/schema.org\",\"@graph\":[{\"@type\":\"WebPage\",\"@id\":\"https:\/\/i2gerontology.com\/en\/form\/\",\"url\":\"https:\/\/i2gerontology.com\/en\/form\/\",\"name\":\"Form - Instituto Internacional de Gerontologia\",\"isPartOf\":{\"@id\":\"https:\/\/i2gerontology.com\/en\/#website\"},\"primaryImageOfPage\":{\"@id\":\"https:\/\/i2gerontology.com\/en\/form\/#primaryimage\"},\"image\":{\"@id\":\"https:\/\/i2gerontology.com\/en\/form\/#primaryimage\"},\"thumbnailUrl\":\"https:\/\/i2gerontology.com\/wp-content\/uploads\/2023\/11\/congresso-luso-galaico-em-gerontologia-banner-1.png\",\"datePublished\":\"2023-11-06T09:24:02+00:00\",\"dateModified\":\"2023-11-07T14:05:15+00:00\",\"breadcrumb\":{\"@id\":\"https:\/\/i2gerontology.com\/en\/form\/#breadcrumb\"},\"inLanguage\":\"en-US\",\"potentialAction\":[{\"@type\":\"ReadAction\",\"target\":[\"https:\/\/i2gerontology.com\/en\/form\/\"]}]},{\"@type\":\"ImageObject\",\"inLanguage\":\"en-US\",\"@id\":\"https:\/\/i2gerontology.com\/en\/form\/#primaryimage\",\"url\":\"https:\/\/i2gerontology.com\/wp-content\/uploads\/2023\/11\/congresso-luso-galaico-em-gerontologia-banner-1.png\",\"contentUrl\":\"https:\/\/i2gerontology.com\/wp-content\/uploads\/2023\/11\/congresso-luso-galaico-em-gerontologia-banner-1.png\"},{\"@type\":\"BreadcrumbList\",\"@id\":\"https:\/\/i2gerontology.com\/en\/form\/#breadcrumb\",\"itemListElement\":[{\"@type\":\"ListItem\",\"position\":1,\"name\":\"In\u00edcio\",\"item\":\"https:\/\/i2gerontology.com\/en\/\"},{\"@type\":\"ListItem\",\"position\":2,\"name\":\"Form\"}]},{\"@type\":\"WebSite\",\"@id\":\"https:\/\/i2gerontology.com\/en\/#website\",\"url\":\"https:\/\/i2gerontology.com\/en\/\",\"name\":\"Instituto Internacional de Gerontologia\",\"description\":\"A articula\u00e7\u00e3o entre o ensino superior, a investiga\u00e7\u00e3o e  a presta\u00e7\u00e3o de servi\u00e7os na \u00e1rea da Gerontologia s\u00e3o atualmente um dos principais pilares de desenvolvimento e inova\u00e7\u00e3o\",\"publisher\":{\"@id\":\"https:\/\/i2gerontology.com\/en\/#organization\"},\"alternateName\":\"Instituto Internacional de Gerontologia\",\"potentialAction\":[{\"@type\":\"SearchAction\",\"target\":{\"@type\":\"EntryPoint\",\"urlTemplate\":\"https:\/\/i2gerontology.com\/en\/?s={search_term_string}\"},\"query-input\":{\"@type\":\"PropertyValueSpecification\",\"valueRequired\":true,\"valueName\":\"search_term_string\"}}],\"inLanguage\":\"en-US\"},{\"@type\":\"Organization\",\"@id\":\"https:\/\/i2gerontology.com\/en\/#organization\",\"name\":\"Instituto Internacional de Gerontologia\",\"url\":\"https:\/\/i2gerontology.com\/en\/\",\"logo\":{\"@type\":\"ImageObject\",\"inLanguage\":\"en-US\",\"@id\":\"https:\/\/i2gerontology.com\/en\/#\/schema\/logo\/image\/\",\"url\":\"https:\/\/i2gerontology.com\/wp-content\/uploads\/2023\/01\/gerontologia_branco.png\",\"contentUrl\":\"https:\/\/i2gerontology.com\/wp-content\/uploads\/2023\/01\/gerontologia_branco.png\",\"width\":885,\"height\":281,\"caption\":\"Instituto Internacional de Gerontologia\"},\"image\":{\"@id\":\"https:\/\/i2gerontology.com\/en\/#\/schema\/logo\/image\/\"}}]}<\/script>\n<!-- \/ Yoast SEO plugin. -->","yoast_head_json":{"title":"Form - Instituto Internacional de Gerontologia","robots":{"index":"index","follow":"follow","max-snippet":"max-snippet:-1","max-image-preview":"max-image-preview:large","max-video-preview":"max-video-preview:-1"},"canonical":"https:\/\/i2gerontology.com\/en\/form\/","og_locale":"en_US","og_type":"article","og_title":"Form - Instituto Internacional de Gerontologia","og_description":"Form Full name Address ZIP Code NIF Email Data de nascimento Type of submission OnlineIn Person * In person mode type of [&hellip;]","og_url":"https:\/\/i2gerontology.com\/en\/form\/","og_site_name":"Instituto Internacional de Gerontologia","article_modified_time":"2023-11-07T14:05:15+00:00","og_image":[{"width":1911,"height":662,"url":"https:\/\/i2gerontology.com\/wp-content\/uploads\/2023\/11\/congresso-luso-galaico-em-gerontologia-banner-1.png","type":"image\/png"}],"twitter_card":"summary_large_image","schema":{"@context":"https:\/\/schema.org","@graph":[{"@type":"WebPage","@id":"https:\/\/i2gerontology.com\/en\/form\/","url":"https:\/\/i2gerontology.com\/en\/form\/","name":"Form - Instituto Internacional de Gerontologia","isPartOf":{"@id":"https:\/\/i2gerontology.com\/en\/#website"},"primaryImageOfPage":{"@id":"https:\/\/i2gerontology.com\/en\/form\/#primaryimage"},"image":{"@id":"https:\/\/i2gerontology.com\/en\/form\/#primaryimage"},"thumbnailUrl":"https:\/\/i2gerontology.com\/wp-content\/uploads\/2023\/11\/congresso-luso-galaico-em-gerontologia-banner-1.png","datePublished":"2023-11-06T09:24:02+00:00","dateModified":"2023-11-07T14:05:15+00:00","breadcrumb":{"@id":"https:\/\/i2gerontology.com\/en\/form\/#breadcrumb"},"inLanguage":"en-US","potentialAction":[{"@type":"ReadAction","target":["https:\/\/i2gerontology.com\/en\/form\/"]}]},{"@type":"ImageObject","inLanguage":"en-US","@id":"https:\/\/i2gerontology.com\/en\/form\/#primaryimage","url":"https:\/\/i2gerontology.com\/wp-content\/uploads\/2023\/11\/congresso-luso-galaico-em-gerontologia-banner-1.png","contentUrl":"https:\/\/i2gerontology.com\/wp-content\/uploads\/2023\/11\/congresso-luso-galaico-em-gerontologia-banner-1.png"},{"@type":"BreadcrumbList","@id":"https:\/\/i2gerontology.com\/en\/form\/#breadcrumb","itemListElement":[{"@type":"ListItem","position":1,"name":"In\u00edcio","item":"https:\/\/i2gerontology.com\/en\/"},{"@type":"ListItem","position":2,"name":"Form"}]},{"@type":"WebSite","@id":"https:\/\/i2gerontology.com\/en\/#website","url":"https:\/\/i2gerontology.com\/en\/","name":"Instituto Internacional de Gerontologia","description":"A articula\u00e7\u00e3o entre o ensino superior, a investiga\u00e7\u00e3o e  a presta\u00e7\u00e3o de servi\u00e7os na \u00e1rea da Gerontologia s\u00e3o atualmente um dos principais pilares de desenvolvimento e inova\u00e7\u00e3o","publisher":{"@id":"https:\/\/i2gerontology.com\/en\/#organization"},"alternateName":"Instituto Internacional de Gerontologia","potentialAction":[{"@type":"SearchAction","target":{"@type":"EntryPoint","urlTemplate":"https:\/\/i2gerontology.com\/en\/?s={search_term_string}"},"query-input":{"@type":"PropertyValueSpecification","valueRequired":true,"valueName":"search_term_string"}}],"inLanguage":"en-US"},{"@type":"Organization","@id":"https:\/\/i2gerontology.com\/en\/#organization","name":"Instituto Internacional de Gerontologia","url":"https:\/\/i2gerontology.com\/en\/","logo":{"@type":"ImageObject","inLanguage":"en-US","@id":"https:\/\/i2gerontology.com\/en\/#\/schema\/logo\/image\/","url":"https:\/\/i2gerontology.com\/wp-content\/uploads\/2023\/01\/gerontologia_branco.png","contentUrl":"https:\/\/i2gerontology.com\/wp-content\/uploads\/2023\/01\/gerontologia_branco.png","width":885,"height":281,"caption":"Instituto Internacional de Gerontologia"},"image":{"@id":"https:\/\/i2gerontology.com\/en\/#\/schema\/logo\/image\/"}}]}},"_links":{"self":[{"href":"https:\/\/i2gerontology.com\/en\/wp-json\/wp\/v2\/pages\/1733","targetHints":{"allow":["GET"]}}],"collection":[{"href":"https:\/\/i2gerontology.com\/en\/wp-json\/wp\/v2\/pages"}],"about":[{"href":"https:\/\/i2gerontology.com\/en\/wp-json\/wp\/v2\/types\/page"}],"author":[{"embeddable":true,"href":"https:\/\/i2gerontology.com\/en\/wp-json\/wp\/v2\/users\/2"}],"replies":[{"embeddable":true,"href":"https:\/\/i2gerontology.com\/en\/wp-json\/wp\/v2\/comments?post=1733"}],"version-history":[{"count":23,"href":"https:\/\/i2gerontology.com\/en\/wp-json\/wp\/v2\/pages\/1733\/revisions"}],"predecessor-version":[{"id":1894,"href":"https:\/\/i2gerontology.com\/en\/wp-json\/wp\/v2\/pages\/1733\/revisions\/1894"}],"wp:attachment":[{"href":"https:\/\/i2gerontology.com\/en\/wp-json\/wp\/v2\/media?parent=1733"}],"curies":[{"name":"wp","href":"https:\/\/api.w.org\/{rel}","templated":true}]}}